{"id":32943,"date":"2023-09-11T15:39:09","date_gmt":"2023-09-11T13:39:09","guid":{"rendered":"https:\/\/www.artdanslacite.eu\/?page_id=32943"},"modified":"2023-09-27T16:15:43","modified_gmt":"2023-09-27T14:15:43","slug":"lart-numerique-a-lhopital-2","status":"publish","type":"page","link":"https:\/\/www.artdanslacite.eu\/fr\/lart-numerique-a-lhopital-2\/","title":{"rendered":"L\u2019art num\u00e9rique \u00e0 l\u2019h\u00f4pital"},"content":{"rendered":"<section class=\"wpb-content-wrapper\"><p>[vc_row][vc_column][\/vc_column][\/vc_row][vc_row full_width=\u00a0\u00bbstretch_row_content\u00a0\u00bb css=\u00a0\u00bb.vc_custom_1694438252220{margin-top: 50px !important;margin-right: 40px !important;margin-bottom: 100px !important;margin-left: -80px !important;}\u00a0\u00bb][vc_column][vc_row_inner][vc_column_inner width=\u00a0\u00bb5\/12&Prime;][vc_single_image image=\u00a0\u00bb32406&Prime; img_size=\u00a0\u00bb\u00a0\u00bb css=\u00a0\u00bb.vc_custom_1694511317381{margin-top: 50px !important;margin-bottom: -20px !important;margin-left: 50px !important;}\u00a0\u00bb][vc_column_text css=\u00a0\u00bb.vc_custom_1694439674801{margin-right: 50px !important;margin-left: 50px !important;}\u00a0\u00bb]<\/p>\n<p style=\"font-size: 16px;\">Depuis 2010, Art dans la Cit\u00e9 d\u00e9veloppe une r\u00e9flexion importante sur l\u2019usage des outils et des cr\u00e9ations num\u00e9riques pour faire entrer l\u2019art dans des espaces plus intimes comme la chambre du patient.<\/p>\n<p>[\/vc_column_text][vc_column_text css=\u00a0\u00bb.vc_custom_1694439701767{margin-right: 50px !important;margin-left: 50px !important;}\u00a0\u00bb]<\/p>\n<p style=\"font-size: 16px;\">Elle fait appel aux artistes utilisant ce medium, et avec audace, d\u00e9veloppe des cr\u00e9ations innovantes, dans des espaces non encore investis, salles de d\u00e9tente, de soins, de traitements, de r\u00e9animation, chambres.<\/p>\n<p>[\/vc_column_text][\/vc_column_inner][vc_column_inner width=\u00a0\u00bb7\/12&Prime; offset=\u00a0\u00bbvc_hidden-sm vc_hidden-xs\u00a0\u00bb][vc_single_image image=\u00a0\u00bb32919&Prime; img_size=\u00a0\u00bbfull\u00a0\u00bb css=\u00a0\u00bb.vc_custom_1694511328067{padding-right: -50px !important;}\u00a0\u00bb][\/vc_column_inner][\/vc_row_inner][vc_row_inner][vc_column_inner width=\u00a0\u00bb5\/12&Prime;][vc_single_image image=\u00a0\u00bb33130&Prime; img_size=\u00a0\u00bb500&#215;500&Prime; css=\u00a0\u00bb.vc_custom_1695133614353{padding-top: 80px !important;}\u00a0\u00bb][\/vc_column_inner][vc_column_inner width=\u00a0\u00bb7\/12&Prime;][vc_single_image image=\u00a0\u00bb32406&Prime; img_size=\u00a0\u00bb\u00a0\u00bb css=\u00a0\u00bb.vc_custom_1694438207321{margin-top: 30px !important;margin-left: 50px !important;}\u00a0\u00bb][vc_column_text css=\u00a0\u00bb.vc_custom_1694439723798{margin-right: 50px !important;margin-left: 50px !important;}\u00a0\u00bb]Les patients sont actifs au sein d\u2019univers interactifs et immersifs originaux. Les \u0153uvres num\u00e9riques peuvent se d\u00e9ployer dans plusieurs h\u00f4pitaux simultan\u00e9ment, en France et \u00e0 l\u2019international, elles sont adaptables selon les publics et les pathologies<\/p>\n<p>Les ressources offertes par ces cr\u00e9ations sont nombreuses, quoique encore inexplor\u00e9es dans un environnement hospitalier, elles am\u00e9liorent de fa\u00e7on naturelle, mais ambitieuse, les espaces de l\u2019h\u00f4pital.<\/p>\n<p>Les artistes se sont appropri\u00e9 ce formidable outil pour concevoir des \u0153uvres en relation intime avec le spectateur qui peut transformer l\u2019\u0153uvre. Et le patient n\u2019est plus passif, il devient acteur, l\u2019espace de l\u2019h\u00f4pital s\u2019ouvre r\u00e9ellement sur un autre monde, c\u2019est un patient combattant.[\/vc_column_text][\/vc_column_inner][\/vc_row_inner][vc_row_inner css=\u00a0\u00bb.vc_custom_1693928806213{margin-bottom: -200px !important;}\u00a0\u00bb][vc_column_inner width=\u00a0\u00bb1\/2&Prime;][vc_single_image image=\u00a0\u00bb32406&Prime; img_size=\u00a0\u00bb\u00a0\u00bb css=\u00a0\u00bb.vc_custom_1694438207321{margin-top: 30px !important;margin-left: 50px !important;}\u00a0\u00bb][vc_column_text css=\u00a0\u00bb.vc_custom_1694439764054{margin-right: 50px !important;margin-left: 50px !important;}\u00a0\u00bb]Sensibles \u00e0 leur environnement, elles se transforment selon un sc\u00e9nario imagin\u00e9 par l\u2019artiste. L\u2019\u0153uvre attentive \u00e0 la pr\u00e9sence du spectateur, \u00e0 son mouvement dans l\u2019espace, peut cr\u00e9er une intimit\u00e9 avec lui, induire un dialogue, susciter un comportement.<br \/>\nArt dans la Cit\u00e9 d\u00e9veloppe aujourd\u2019hui ces cr\u00e9ations, sensibles \u00e0 la pr\u00e9sence active du spectateur, ouvertes sur le monde et qui offrent une nouvelle dimension \u00e0 la pr\u00e9sence de l\u2019art \u00e0 l\u2019h\u00f4pital. En impliquant ainsi le patient, l\u2019oeuvre pourra stimuler son corps et son esprit, le faire voyager, faire na\u00eetre de nouvelles \u00e9motions. L\u2019int\u00e9r\u00eat est que les patients sont actifs au sein d\u2019univers immersifs originaux.[\/vc_column_text][\/vc_column_inner][vc_column_inner width=\u00a0\u00bb1\/2&Prime;][vc_single_image image=\u00a0\u00bb33132&Prime; img_size=\u00a0\u00bbfull\u00a0\u00bb css=\u00a0\u00bb.vc_custom_1695130995934{margin-bottom: -100px !important;padding-top: 50px !important;}\u00a0\u00bb][\/vc_column_inner][\/vc_row_inner][\/vc_column][\/vc_row][vc_row css=\u00a0\u00bb.vc_custom_1694438918256{margin-top: 100px !important;margin-right: 40px !important;margin-bottom: 100px !important;margin-left: -80px !important;}\u00a0\u00bb][vc_column css=\u00a0\u00bb.vc_custom_1693927025569{background-color: #ce1f6f !important;}\u00a0\u00bb][vc_row_inner][vc_column_inner width=\u00a0\u00bb7\/12&Prime;][vc_single_image image=\u00a0\u00bb33128&Prime; img_size=\u00a0\u00bbfull\u00a0\u00bb css=\u00a0\u00bb.vc_custom_1695131012045{margin-top: -100px !important;}\u00a0\u00bb][\/vc_column_inner][vc_column_inner width=\u00a0\u00bb5\/12&Prime;][vc_column_text css=\u00a0\u00bb.vc_custom_1694439826512{margin-right: 50px !important;margin-left: 50px !important;}\u00a0\u00bb]<\/p>\n<p style=\"color: #fff; font-size: 16px;\">Compl\u00e8tement novatrices, ces cr\u00e9ations ouvrent un champ inexplor\u00e9 de la relation art\/qualit\u00e9 de vie du malade qui peut soutenir la qualit\u00e9 du soin.<\/p>\n<p>[\/vc_column_text][vc_single_image image=\u00a0\u00bb32416&Prime; img_size=\u00a0\u00bbmedium\u00a0\u00bb css=\u00a0\u00bb.vc_custom_1693927414386{margin-left: 50px !important;}\u00a0\u00bb][\/vc_column_inner][\/vc_row_inner][vc_row_inner][vc_column_inner width=\u00a0\u00bb5\/12&Prime;][vc_column_text css=\u00a0\u00bb.vc_custom_1694439851318{margin-right: 50px !important;margin-left: 50px !important;}\u00a0\u00bb]<\/p>\n<p style=\"color: #fff; font-size: 16px;\">Lorsque l\u2019oeuvre permet \u00e0 plusieurs spectateurs distants d\u2019interagir avec elle, celle-ci devient un espace de dialogue non seulement entre un spectateur et l\u2019\u0153uvre mais aussi entre les diff\u00e9rents spectateurs engag\u00e9s dans une relation avec elle.<\/p>\n<p>[\/vc_column_text][vc_single_image image=\u00a0\u00bb32416&Prime; img_size=\u00a0\u00bbmedium\u00a0\u00bb css=\u00a0\u00bb.vc_custom_1693927414386{margin-left: 50px !important;}\u00a0\u00bb][\/vc_column_inner][vc_column_inner width=\u00a0\u00bb7\/12&Prime;][vc_single_image image=\u00a0\u00bb33126&Prime; img_size=\u00a0\u00bb700&#215;450&Prime; css=\u00a0\u00bb.vc_custom_1695133731097{margin-right: -80px !important;}\u00a0\u00bb][\/vc_column_inner][\/vc_row_inner][vc_row_inner][vc_column_inner width=\u00a0\u00bb5\/12&Prime; offset=\u00a0\u00bbvc_hidden-xs\u00a0\u00bb][vc_single_image image=\u00a0\u00bb32925&Prime; img_size=\u00a0\u00bbfull\u00a0\u00bb css=\u00a0\u00bb.vc_custom_1694437943566{margin-bottom: -100px !important;}\u00a0\u00bb][\/vc_column_inner][vc_column_inner width=\u00a0\u00bb2\/12&Prime;][\/vc_column_inner][vc_column_inner width=\u00a0\u00bb5\/12&Prime; css=\u00a0\u00bb.vc_custom_1695372773380{background-color: #ce1f6f !important;}\u00a0\u00bb][vc_column_text css=\u00a0\u00bb.vc_custom_1695372861473{margin-right: 20px !important;margin-left: 30px !important;}\u00a0\u00bb]<\/p>\n<p style=\"color: #fff; font-size: 16px; line-height: 44px;\">Les cr\u00e9ations transforment durablement le s\u00e9jour des patients, mais aussi le quotidien des \u00e9quipes m\u00e9dicales et l\u2019accueil des nombreux visiteurs des h\u00f4pitaux.<\/p>\n<p>[\/vc_column_text][\/vc_column_inner][\/vc_row_inner][\/vc_column][\/vc_row][vc_row][vc_column][vc_custom_heading text=\u00a0\u00bbQuelques exemples de cr\u00e9ations\u00a0\u00bb font_container=\u00a0\u00bbtag:h2|font_size:64|text_align:left|color:%23ce1f6f|line_height:1&Prime; google_fonts=\u00a0\u00bbfont_family:Josefin%20Slab%3A100%2C100italic%2C300%2C300italic%2Cregular%2Citalic%2C600%2C600italic%2C700%2C700italic|font_style:700%20bold%20regular%3A700%3Anormal\u00a0\u00bb css=\u00a0\u00bb.vc_custom_1695372671229{margin-top: 50px !important;}\u00a0\u00bb][vc_single_image image=\u00a0\u00bb32406&Prime; img_size=\u00a0\u00bb\u00a0\u00bb css=\u00a0\u00bb.vc_custom_1695372685223{margin-top: 30px !important;}\u00a0\u00bb][vc_row_inner equal_height=\u00a0\u00bbyes\u00a0\u00bb][vc_column_inner width=\u00a0\u00bb2\/3&Prime;][vc_masonry_grid post_type=\u00a0\u00bbpost\u00a0\u00bb max_items=\u00a0\u00bb1&Prime; element_width=\u00a0\u00bb12&Prime; gap=\u00a0\u00bb10&Prime; item=\u00a0\u00bbbasicGrid_SlideFromLeft\u00a0\u00bb initial_loading_animation=\u00a0\u00bbfadeIn\u00a0\u00bb grid_id=\u00a0\u00bbvc_gid:1695372476636-e16303fc21f56cf708605dc76b8744e4-2&Prime; taxonomies=\u00a0\u00bb100&Prime; offset=\u00a0\u00bb7&Prime;][\/vc_column_inner][vc_column_inner width=\u00a0\u00bb1\/3&Prime; css=\u00a0\u00bb.vc_custom_1694511118434{margin-right: 20px !important;margin-left: -20px !important;padding-right: -20px !important;}\u00a0\u00bb][vc_masonry_grid post_type=\u00a0\u00bbids\u00a0\u00bb element_width=\u00a0\u00bb12&Prime; gap=\u00a0\u00bb20&Prime; item=\u00a0\u00bbbasicGrid_SlideFromLeft\u00a0\u00bb initial_loading_animation=\u00a0\u00bbfadeIn\u00a0\u00bb grid_id=\u00a0\u00bbvc_gid:1695372476680-b4a9824aa59d7c15bfecb8e23ef3ef6a-9&Prime; include=\u00a0\u00bb28734&Prime;][vc_masonry_grid post_type=\u00a0\u00bbids\u00a0\u00bb element_width=\u00a0\u00bb12&Prime; gap=\u00a0\u00bb20&Prime; item=\u00a0\u00bbbasicGrid_SlideFromLeft\u00a0\u00bb initial_loading_animation=\u00a0\u00bbfadeIn\u00a0\u00bb grid_id=\u00a0\u00bbvc_gid:1695372476701-5094f8e2a3370157249b4099e893b04b-5&Prime; include=\u00a0\u00bb30158, 28775&Prime; css=\u00a0\u00bb.vc_custom_1695133797203{margin-top: -50px !important;}\u00a0\u00bb][\/vc_column_inner][\/vc_row_inner][vc_row_inner css=\u00a0\u00bb.vc_custom_1694510412980{margin-top: -50px !important;}\u00a0\u00bb][vc_column_inner][vc_masonry_grid post_type=\u00a0\u00bbids\u00a0\u00bb element_width=\u00a0\u00bb6&Prime; item=\u00a0\u00bbbasicGrid_SlideFromLeft\u00a0\u00bb grid_id=\u00a0\u00bbvc_gid:1695372476770-152373660f3bf066cc6b9a37e3bb04fe-4&Prime; include=\u00a0\u00bb30166, 28787, 28861&Prime; css=\u00a0\u00bb.vc_custom_1695133842514{margin-top: -35px !important;}\u00a0\u00bb][\/vc_column_inner][\/vc_row_inner][\/vc_column][\/vc_row]<\/p>\n<\/section>","protected":false},"excerpt":{"rendered":"<p>[vc_row][vc_column][\/vc_column][\/vc_row][vc_row full_width=\u00a0\u00bbstretch_row_content\u00a0\u00bb css=\u00a0\u00bb.vc_custom_1694438252220{margin-top: 50px !important;margin-right: 40px !important;margin-bottom: 100px !important;margin-left: -80px !important;}\u00a0\u00bb][vc_column][vc_row_inner][vc_column_inner width=\u00a0\u00bb5\/12&Prime;][vc_single_image image=\u00a0\u00bb32406&Prime; img_size=\u00a0\u00bb\u00a0\u00bb css=\u00a0\u00bb.vc_custom_1694511317381{margin-top: 50px !important;margin-bottom: -20px !important;margin-left: 50px !important;}\u00a0\u00bb][vc_column_text css=\u00a0\u00bb.vc_custom_1694439674801{margin-right: 50px !important;margin-left: 50px !important;}\u00a0\u00bb] Depuis 2010, Art dans la Cit\u00e9 d\u00e9veloppe une r\u00e9flexion importante sur l\u2019usage des outils<span class=\"excerpt-hellip\"> [\u2026]<\/span><\/p>\n","protected":false},"author":10,"featured_media":0,"parent":0,"menu_order":0,"comment_status":"closed","ping_status":"closed","template":"","meta":{"footnotes":""},"class_list":["post-32943","page","type-page","status-publish","hentry"],"_links":{"self":[{"href":"https:\/\/www.artdanslacite.eu\/fr\/wp-json\/wp\/v2\/pages\/32943","targetHints":{"allow":["GET"]}}],"collection":[{"href":"https:\/\/www.artdanslacite.eu\/fr\/wp-json\/wp\/v2\/pages"}],"about":[{"href":"https:\/\/www.artdanslacite.eu\/fr\/wp-json\/wp\/v2\/types\/page"}],"author":[{"embeddable":true,"href":"https:\/\/www.artdanslacite.eu\/fr\/wp-json\/wp\/v2\/users\/10"}],"replies":[{"embeddable":true,"href":"https:\/\/www.artdanslacite.eu\/fr\/wp-json\/wp\/v2\/comments?post=32943"}],"version-history":[{"count":3,"href":"https:\/\/www.artdanslacite.eu\/fr\/wp-json\/wp\/v2\/pages\/32943\/revisions"}],"predecessor-version":[{"id":33301,"href":"https:\/\/www.artdanslacite.eu\/fr\/wp-json\/wp\/v2\/pages\/32943\/revisions\/33301"}],"wp:attachment":[{"href":"https:\/\/www.artdanslacite.eu\/fr\/wp-json\/wp\/v2\/media?parent=32943"}],"curies":[{"name":"wp","href":"https:\/\/api.w.org\/{rel}","templated":true}]}}