{"id":32853,"date":"2023-09-11T11:49:38","date_gmt":"2023-09-11T09:49:38","guid":{"rendered":"https:\/\/www.artdanslacite.eu\/?page_id=32853"},"modified":"2023-09-27T17:32:21","modified_gmt":"2023-09-27T15:32:21","slug":"notre-association-en-bref-2","status":"publish","type":"page","link":"https:\/\/www.artdanslacite.eu\/fr\/notre-association-en-bref-2\/","title":{"rendered":"Qui sommes nous"},"content":{"rendered":"<section class=\"wpb-content-wrapper\"><p>[vc_row][vc_column][vc_row_inner][vc_column_inner width=\u00a0\u00bb2\/3&Prime;][vc_custom_heading text=\u00a0\u00bbNotre mission\u00a0\u00bb font_container=\u00a0\u00bbtag:h2|font_size:64|text_align:left|color:%23ce1f6f|line_height:1.2&Prime; google_fonts=\u00a0\u00bbfont_family:Josefin%20Slab%3A100%2C100italic%2C300%2C300italic%2Cregular%2Citalic%2C600%2C600italic%2C700%2C700italic|font_style:700%20bold%20regular%3A700%3Anormal\u00a0\u00bb css=\u00a0\u00bb.vc_custom_1695650057134{margin-top: 50px !important;}\u00a0\u00bb][vc_single_image image=\u00a0\u00bb32406&Prime; img_size=\u00a0\u00bb\u00a0\u00bb css=\u00a0\u00bb.vc_custom_1695650038886{margin-top: 30px !important;}\u00a0\u00bb][vc_column_text]Notre vocation est d\u2019installer des \u0153uvres d\u2019art novatrices et durables \u00e0 l\u2019h\u00f4pital, de remettre le patient au c\u0153ur du dispositif de soins, de participer \u00e0 son bien-\u00eatre[\/vc_column_text][\/vc_column_inner][vc_column_inner width=\u00a0\u00bb1\/3&Prime;][vc_single_image image=\u00a0\u00bb32564&Prime; img_size=\u00a0\u00bb\u00a0\u00bb css=\u00a0\u00bb.vc_custom_1694519088002{margin-top: 50px !important;}\u00a0\u00bb][\/vc_column_inner][\/vc_row_inner][\/vc_column][\/vc_row][vc_row css=\u00a0\u00bb.vc_custom_1694079140025{margin-top: 50px !important;margin-right: 40px !important;margin-bottom: 100px !important;margin-left: -80px !important;}\u00a0\u00bb][vc_column css=\u00a0\u00bb.vc_custom_1693927025569{background-color: #ce1f6f !important;}\u00a0\u00bb][vc_custom_heading text=\u00a0\u00bbGalerie\u00a0\u00bb font_container=\u00a0\u00bbtag:h2|font_size:64|text_align:left|color:%23ce1f6f\u00a0\u00bb google_fonts=\u00a0\u00bbfont_family:Josefin%20Slab%3A100%2C100italic%2C300%2C300italic%2Cregular%2Citalic%2C600%2C600italic%2C700%2C700italic|font_style:700%20bold%20regular%3A700%3Anormal\u00a0\u00bb css=\u00a0\u00bb.vc_custom_1693994856194{margin-top: 50px !important;margin-left: 50px !important;}\u00a0\u00bb][vc_row_inner][vc_column_inner width=\u00a0\u00bb4\/12&Prime;][vc_column_text css=\u00a0\u00bb.vc_custom_1694426154870{margin-left: 50px !important;}\u00a0\u00bb]<\/p>\n<p style=\"color: #fff; font-size: 14px;\">Cr\u00e9\u00e9e fin 1999, Art dans la Cit\u00e9 a pour objectif, d\u2019introduire les arts visuels contemporains \u00e0 l\u2019h\u00f4pital, avec le concours d\u2019artistes \u00e9mergents ou de renomm\u00e9e internationale, qui viennent en r\u00e9sidence. Son ambition est d\u2019am\u00e9liorer les espaces, de contribuer au mieux-\u00eatre du patient, d\u2019accompagner son accueil et son s\u00e9jour, ainsi que les conditions de travail du personnel.<\/p>\n<p>[\/vc_column_text][vc_single_image image=\u00a0\u00bb32416&Prime; img_size=\u00a0\u00bbmedium\u00a0\u00bb css=\u00a0\u00bb.vc_custom_1695650088476{margin-bottom: 70px !important;margin-left: 50px !important;}\u00a0\u00bb][\/vc_column_inner][vc_column_inner width=\u00a0\u00bb5\/12&Prime;][vc_single_image image=\u00a0\u00bb32668&Prime; img_size=\u00a0\u00bbfull\u00a0\u00bb css=\u00a0\u00bb.vc_custom_1694079898390{margin-top: -100px !important;}\u00a0\u00bb][\/vc_column_inner][vc_column_inner width=\u00a0\u00bb3\/12&Prime;][vc_column_text css=\u00a0\u00bb.vc_custom_1695650121833{margin-right: 40px !important;margin-left: 40px !important;}\u00a0\u00bb]<\/p>\n<p style=\"color: #fff; font-size: 14px;\">En installant durablement peintures, sculptures, installations, vid\u00e9os et cr\u00e9ations num\u00e9riques dans les espaces d\u2019accueil et de vie de l\u2019h\u00f4pital, Art dans la Cit\u00e9 participe tr\u00e8s largement au d\u00e9veloppement du patrimoine artistique de l\u2019h\u00f4pital.<\/p>\n<p>[\/vc_column_text][\/vc_column_inner][\/vc_row_inner][vc_row_inner][vc_column_inner width=\u00a0\u00bb1\/3&Prime;][vc_single_image image=\u00a0\u00bb32674&Prime; img_size=\u00a0\u00bbfull\u00a0\u00bb][\/vc_column_inner][vc_column_inner width=\u00a0\u00bb1\/3&Prime;][vc_column_text css=\u00a0\u00bb.vc_custom_1695650181183{margin-right: 10px !important;margin-left: 50px !important;}\u00a0\u00bb]<\/p>\n<p style=\"color: #fff; font-size: 14px;\">Avec un parcours international et plus de 100 r\u00e9alisations \u00e0 son actif, Art dans la Cit\u00e9 se positionne comme la r\u00e9f\u00e9rence pour la cr\u00e9ation d\u2019oeuvres d\u2019art con\u00e7ues sp\u00e9cifiquement \u00e0 l\u2019h\u00f4pital.<\/p>\n<p>[\/vc_column_text][vc_single_image image=\u00a0\u00bb32416&Prime; img_size=\u00a0\u00bbmedium\u00a0\u00bb css=\u00a0\u00bb.vc_custom_1695650218025{margin-bottom: 50px !important;margin-left: 50px !important;}\u00a0\u00bb][\/vc_column_inner][vc_column_inner width=\u00a0\u00bb1\/3&Prime;][vc_single_image image=\u00a0\u00bb32672&Prime; img_size=\u00a0\u00bbfull\u00a0\u00bb css=\u00a0\u00bb.vc_custom_1694080247218{margin-top: -80px !important;margin-right: -80px !important;}\u00a0\u00bb][\/vc_column_inner][\/vc_row_inner][vc_row_inner css=\u00a0\u00bb.vc_custom_1693928806213{margin-bottom: -200px !important;}\u00a0\u00bb][vc_column_inner width=\u00a0\u00bb1\/2&Prime; offset=\u00a0\u00bbvc_hidden-xs\u00a0\u00bb][vc_single_image image=\u00a0\u00bb32679&Prime; img_size=\u00a0\u00bbfull\u00a0\u00bb css=\u00a0\u00bb.vc_custom_1694081081544{margin-bottom: -180px !important;}\u00a0\u00bb][\/vc_column_inner][vc_column_inner width=\u00a0\u00bb1\/2&Prime; css=\u00a0\u00bb.vc_custom_1695650254062{background-color: #ce1f6f !important;}\u00a0\u00bb][vc_column_text css=\u00a0\u00bb.vc_custom_1695650286568{margin-left: 50px !important;padding-right: 50px !important;}\u00a0\u00bb]<\/p>\n<p style=\"color: #fff; font-size: 14px;\">Grace \u00e0 son exp\u00e9rience, elle accompagne tous les \u00e9tablissements de soin qui souhaitent apporter de la beaut\u00e9, de l\u2019\u00e9motion, de la po\u00e9sie, de nouvelles exp\u00e9riences esth\u00e9tiques et sensorielles, \u00e0 leurs patients., pour am\u00e9nager une nouvel espace, int\u00e9grer une oeuvre dans une chambre, transformer un couloir, une salle d\u2019attente, afin de les rendre plus agr\u00e9ables, plus gais, r\u00e9confortants<\/p>\n<p>[\/vc_column_text][vc_single_image image=\u00a0\u00bb32416&Prime; img_size=\u00a0\u00bbmedium\u00a0\u00bb css=\u00a0\u00bb.vc_custom_1695650299494{margin-bottom: -20px !important;margin-left: 50px !important;}\u00a0\u00bb][\/vc_column_inner][\/vc_row_inner][\/vc_column][\/vc_row][vc_row css=\u00a0\u00bb.vc_custom_1694520941854{margin-top: 50px !important;background-image: url(https:\/\/www.artdanslacite.eu\/wp-content\/uploads\/2023\/09\/illustrationbichro20.png?id=33031) !important;background-position: center !important;background-repeat: no-repeat !important;background-size: contain !important;}\u00a0\u00bb][vc_column][vc_custom_heading text=\u00a0\u00bbL&rsquo;\u00e9quipe d&rsquo;Art dans la Cit\u00e9\u00a0\u00bb font_container=\u00a0\u00bbtag:h2|font_size:64|text_align:left|color:%23ce1f6f|line_height:1.2&Prime; google_fonts=\u00a0\u00bbfont_family:Josefin%20Slab%3A100%2C100italic%2C300%2C300italic%2Cregular%2Citalic%2C600%2C600italic%2C700%2C700italic|font_style:700%20bold%20regular%3A700%3Anormal\u00a0\u00bb css=\u00a0\u00bb.vc_custom_1695650333304{margin-top: 100px !important;}\u00a0\u00bb][vc_single_image image=\u00a0\u00bb32406&Prime; img_size=\u00a0\u00bb\u00a0\u00bb css=\u00a0\u00bb.vc_custom_1695650341721{margin-top: 30px !important;}\u00a0\u00bb][vc_row_inner gap=\u00a0\u00bb20&Prime;][vc_column_inner width=\u00a0\u00bb1\/3&Prime;][vc_single_image image=\u00a0\u00bb32875&Prime; img_size=\u00a0\u00bb\u00a0\u00bb alignment=\u00a0\u00bbcenter\u00a0\u00bb style=\u00a0\u00bbvc_box_shadow_circle_2&Prime; css=\u00a0\u00bb.vc_custom_1694519428698{margin-right: 80px !important;margin-left: 80px !important;}\u00a0\u00bb][vc_custom_heading text=\u00a0\u00bbRachel even\u00a0\u00bb font_container=\u00a0\u00bbtag:h3|font_size:32|text_align:center|color:%23ce1f6f\u00a0\u00bb google_fonts=\u00a0\u00bbfont_family:Josefin%20Slab%3A100%2C100italic%2C300%2C300italic%2Cregular%2Citalic%2C600%2C600italic%2C700%2C700italic|font_style:600%20bold%20regular%3A600%3Anormal\u00a0\u00bb][vc_custom_heading text=\u00a0\u00bbD\u00e9l\u00e9gu\u00e9e g\u00e9n\u00e9rale et directrice artistique\u00a0\u00bb font_container=\u00a0\u00bbtag:h2|font_size:22|text_align:center\u00a0\u00bb use_theme_fonts=\u00a0\u00bbyes\u00a0\u00bb][vc_column_text]<\/p>\n<p style=\"text-align: center; font-size: 14px;\">Historienne de l\u2019art de formation et dipl\u00f4m\u00e9e de management culturel, je dirige l\u2019association Art dans la Cit\u00e9 depuis sa cr\u00e9ation en 2000 avec pour vocation de produire des \u0153uvres d\u2019art pour les \u00e9tablissements de soin dans le monde entier et participer au mieux-\u00eatre des patients.<\/p>\n<p>[\/vc_column_text][\/vc_column_inner][vc_column_inner width=\u00a0\u00bb1\/3&Prime;][vc_single_image image=\u00a0\u00bb32885&Prime; img_size=\u00a0\u00bb\u00a0\u00bb alignment=\u00a0\u00bbcenter\u00a0\u00bb style=\u00a0\u00bbvc_box_shadow_circle_2&Prime; css=\u00a0\u00bb.vc_custom_1694519440671{margin-right: 80px !important;margin-left: 80px !important;}\u00a0\u00bb][vc_custom_heading text=\u00a0\u00bbRapha\u00ebl Vialle\u00a0\u00bb font_container=\u00a0\u00bbtag:h3|font_size:32|text_align:center|color:%23ce1f6f\u00a0\u00bb google_fonts=\u00a0\u00bbfont_family:Josefin%20Slab%3A100%2C100italic%2C300%2C300italic%2Cregular%2Citalic%2C600%2C600italic%2C700%2C700italic|font_style:600%20bold%20regular%3A600%3Anormal\u00a0\u00bb][vc_custom_heading text=\u00a0\u00bbPr\u00e9sident\u00a0\u00bb font_container=\u00a0\u00bbtag:h2|font_size:22|text_align:center\u00a0\u00bb use_theme_fonts=\u00a0\u00bbyes\u00a0\u00bb][vc_column_text]<\/p>\n<p style=\"text-align: center;font-size: 14px;\">Professeur de Chirurgie Infantile (PUPH) \u00e0 l\u2019Universit\u00e9 Pierre et Marie Curie, Chef du Service de Chirurgie Orthop\u00e9dique et R\u00e9paratrice de l\u2019Enfant \u00e0 l\u2019H\u00f4pital Armand Trousseau \u2013 APHP \u2013 Paris.<\/p>\n<p>[\/vc_column_text][\/vc_column_inner][vc_column_inner width=\u00a0\u00bb1\/3&Prime;][vc_single_image image=\u00a0\u00bb32883&Prime; img_size=\u00a0\u00bb\u00a0\u00bb alignment=\u00a0\u00bbcenter\u00a0\u00bb style=\u00a0\u00bbvc_box_shadow_circle_2&Prime; css=\u00a0\u00bb.vc_custom_1694519454338{margin-right: 80px !important;margin-left: 80px !important;}\u00a0\u00bb][vc_custom_heading text=\u00a0\u00bbHendrika Bernts\u00a0\u00bb font_container=\u00a0\u00bbtag:h3|font_size:32|text_align:center|color:%23ce1f6f\u00a0\u00bb google_fonts=\u00a0\u00bbfont_family:Josefin%20Slab%3A100%2C100italic%2C300%2C300italic%2Cregular%2Citalic%2C600%2C600italic%2C700%2C700italic|font_style:600%20bold%20regular%3A600%3Anormal\u00a0\u00bb][vc_custom_heading text=\u00a0\u00bbSecr\u00e9taire g\u00e9n\u00e9rale\u00a0\u00bb font_container=\u00a0\u00bbtag:h2|font_size:22|text_align:center\u00a0\u00bb use_theme_fonts=\u00a0\u00bbyes\u00a0\u00bb][vc_column_text]<\/p>\n<p style=\"text-align: center;font-size: 14px;\">Guide conf\u00e9renci\u00e8re en Italie et en Toscane.<\/p>\n<p>[\/vc_column_text][\/vc_column_inner][\/vc_row_inner][vc_row_inner gap=\u00a0\u00bb20&Prime;][vc_column_inner width=\u00a0\u00bb1\/2&Prime;][vc_single_image image=\u00a0\u00bb32881&Prime; img_size=\u00a0\u00bb200&#215;200&Prime; alignment=\u00a0\u00bbcenter\u00a0\u00bb style=\u00a0\u00bbvc_box_shadow_circle_2&Prime; css=\u00a0\u00bb.vc_custom_1695805099532{margin-right: 80px !important;margin-left: 80px !important;}\u00a0\u00bb][vc_custom_heading text=\u00a0\u00bbOlivier Galaverna\u00a0\u00bb font_container=\u00a0\u00bbtag:h3|font_size:32|text_align:center|color:%23ce1f6f\u00a0\u00bb google_fonts=\u00a0\u00bbfont_family:Josefin%20Slab%3A100%2C100italic%2C300%2C300italic%2Cregular%2Citalic%2C600%2C600italic%2C700%2C700italic|font_style:600%20bold%20regular%3A600%3Anormal\u00a0\u00bb][vc_custom_heading text=\u00a0\u00bbTr\u00e9sorier\u00a0\u00bb font_container=\u00a0\u00bbtag:h2|font_size:22|text_align:center\u00a0\u00bb use_theme_fonts=\u00a0\u00bbyes\u00a0\u00bb][vc_column_text]<\/p>\n<p style=\"text-align: center;\">Docteur en neurosciences, Neuropsychologue.<\/p>\n<p>[\/vc_column_text][\/vc_column_inner][vc_column_inner width=\u00a0\u00bb1\/2&Prime;][vc_single_image image=\u00a0\u00bb32877&Prime; img_size=\u00a0\u00bb200&#215;200&Prime; alignment=\u00a0\u00bbcenter\u00a0\u00bb style=\u00a0\u00bbvc_box_shadow_circle_2&Prime; css=\u00a0\u00bb.vc_custom_1695805118355{margin-right: 80px !important;margin-left: 80px !important;}\u00a0\u00bb][vc_custom_heading text=\u00a0\u00bbProf. Didier Sicard\u00a0\u00bb font_container=\u00a0\u00bbtag:h3|font_size:32|text_align:center|color:%23ce1f6f\u00a0\u00bb google_fonts=\u00a0\u00bbfont_family:Josefin%20Slab%3A100%2C100italic%2C300%2C300italic%2Cregular%2Citalic%2C600%2C600italic%2C700%2C700italic|font_style:600%20bold%20regular%3A600%3Anormal\u00a0\u00bb][vc_custom_heading text=\u00a0\u00bbMembre d&rsquo;honneur\u00a0\u00bb font_container=\u00a0\u00bbtag:h2|font_size:22|text_align:center\u00a0\u00bb use_theme_fonts=\u00a0\u00bbyes\u00a0\u00bb][vc_column_text]<\/p>\n<p style=\"text-align: center;font-size: 14px;\">Ancien pr\u00e9sident du Comit\u00e9 consultatif national d\u2019\u00e9thique, Professeur de m\u00e9decine \u00e0 l\u2019universit\u00e9 Paris Descartes, il a \u00e9t\u00e9 chef de service de m\u00e9decine interne \u00e0 l\u2019h\u00f4pital Cochin, \u00e0 Paris.<\/p>\n<p>[\/vc_column_text][\/vc_column_inner][\/vc_row_inner][vc_row_inner gap=\u00a0\u00bb20&Prime;][vc_column_inner width=\u00a0\u00bb1\/2&Prime;][vc_single_image image=\u00a0\u00bb32895&Prime; img_size=\u00a0\u00bb200&#215;200&Prime; alignment=\u00a0\u00bbcenter\u00a0\u00bb style=\u00a0\u00bbvc_box_shadow_circle_2&Prime; css=\u00a0\u00bb.vc_custom_1695805162409{margin-right: 80px !important;margin-left: 80px !important;}\u00a0\u00bb][vc_custom_heading text=\u00a0\u00bbJacques Deschamps\u00a0\u00bb font_container=\u00a0\u00bbtag:h3|font_size:32|text_align:center|color:%23ce1f6f\u00a0\u00bb google_fonts=\u00a0\u00bbfont_family:Josefin%20Slab%3A100%2C100italic%2C300%2C300italic%2Cregular%2Citalic%2C600%2C600italic%2C700%2C700italic|font_style:600%20bold%20regular%3A600%3Anormal\u00a0\u00bb][vc_custom_heading text=\u00a0\u00bbMembre du conseil d&rsquo;administration\u00a0\u00bb font_container=\u00a0\u00bbtag:h2|font_size:22|text_align:center\u00a0\u00bb use_theme_fonts=\u00a0\u00bbyes\u00a0\u00bb][vc_column_text]<\/p>\n<p style=\"text-align: center;font-size: 14px;\">Vice-pr\u00e9sident et Secr\u00e9taire G\u00e9n\u00e9ral de la Ligue contre le Cancer, Directeur d\u2019h\u00f4pital honoraire, Pr\u00e9sident des Amis du Mus\u00e9e de l\u2019AP-HP.<\/p>\n<p>[\/vc_column_text][\/vc_column_inner][vc_column_inner width=\u00a0\u00bb1\/2&Prime;][vc_single_image image=\u00a0\u00bb32879&Prime; img_size=\u00a0\u00bb200&#215;200&Prime; alignment=\u00a0\u00bbcenter\u00a0\u00bb style=\u00a0\u00bbvc_box_shadow_circle_2&Prime; css=\u00a0\u00bb.vc_custom_1695805142461{margin-right: 80px !important;margin-left: 80px !important;}\u00a0\u00bb][vc_custom_heading text=\u00a0\u00bbJean-Marc Dimanche\u00a0\u00bb font_container=\u00a0\u00bbtag:h3|font_size:32|text_align:center|color:%23ce1f6f\u00a0\u00bb google_fonts=\u00a0\u00bbfont_family:Josefin%20Slab%3A100%2C100italic%2C300%2C300italic%2Cregular%2Citalic%2C600%2C600italic%2C700%2C700italic|font_style:600%20bold%20regular%3A600%3Anormal\u00a0\u00bb][vc_custom_heading text=\u00a0\u00bbMembre du conseil d&rsquo;administration\u00a0\u00bb font_container=\u00a0\u00bbtag:h2|font_size:22|text_align:center\u00a0\u00bb use_theme_fonts=\u00a0\u00bbyes\u00a0\u00bb][vc_column_text]<\/p>\n<p style=\"text-align: center;font-size: 14px;\">Sp\u00e9cialiste de l\u2019artisanat d\u2019art et de l\u2019art contemporain, Conseil en d\u00e9veloppement et strat\u00e9gie d\u2019image et de marque, Jean Marc a cr\u00e9\u00e9 Dimanche Factory et Maison Parisienne. Il occupe aujourd\u2019hui un poste de conseil artistique au Grand-Duch\u00e9 du Luxembourg.<\/p>\n<p>[\/vc_column_text][\/vc_column_inner][\/vc_row_inner][\/vc_column][\/vc_row][vc_row][vc_column][vc_custom_heading text=\u00a0\u00bbD\u00e9l\u00e9gation de production\u00a0\u00bb font_container=\u00a0\u00bbtag:h2|font_size:64|text_align:left|color:%23ce1f6f|line_height:1.2&Prime; google_fonts=\u00a0\u00bbfont_family:Josefin%20Slab%3A100%2C100italic%2C300%2C300italic%2Cregular%2Citalic%2C600%2C600italic%2C700%2C700italic|font_style:700%20bold%20regular%3A700%3Anormal\u00a0\u00bb css=\u00a0\u00bb.vc_custom_1695649946647{margin-top: 50px !important;}\u00a0\u00bb][vc_single_image image=\u00a0\u00bb32406&Prime; img_size=\u00a0\u00bb\u00a0\u00bb css=\u00a0\u00bb.vc_custom_1695649978985{margin-top: 30px !important;}\u00a0\u00bb][vc_column_text]<\/p>\n<p style=\"text-align: left; color: #000;\">Studio Santisar : Contenus interactifs<br \/>\nBenoit Labourdette : Plateforme Illuminart.fr<\/p>\n<p>[\/vc_column_text][\/vc_column][\/vc_row][vc_row full_width=\u00a0\u00bbstretch_row\u00a0\u00bb css=\u00a0\u00bb.vc_custom_1694437204090{margin-top: 50px !important;background-color: rgba(234,144,185,0.78) !important;*background-color: rgb(234,144,185) !important;}\u00a0\u00bb][vc_column][vc_custom_heading text=\u00a0\u00bbArt dans la Cit\u00e9 en vid\u00e9o\u00a0\u00bb font_container=\u00a0\u00bbtag:h2|font_size:64|text_align:left|color:%23ce1f6f|line_height:1&Prime; google_fonts=\u00a0\u00bbfont_family:Josefin%20Slab%3A100%2C100italic%2C300%2C300italic%2Cregular%2Citalic%2C600%2C600italic%2C700%2C700italic|font_style:700%20bold%20regular%3A700%3Anormal\u00a0\u00bb css=\u00a0\u00bb.vc_custom_1695650397557{margin-top: 50px !important;}\u00a0\u00bb][vc_single_image image=\u00a0\u00bb32406&Prime; img_size=\u00a0\u00bb\u00a0\u00bb css=\u00a0\u00bb.vc_custom_1695650375926{margin-top: 30px !important;}\u00a0\u00bb][vc_row_inner][vc_column_inner width=\u00a0\u00bb1\/4&Prime;][vc_video link=\u00a0\u00bbhttps:\/\/youtu.be\/Ecrz4FsLYg8?si=8ism-tZYgCMDTrM5&Prime;][vc_custom_heading text=\u00a0\u00bbPr R. Vialle pr\u00e9sente Illuminart\u00a0\u00bb font_container=\u00a0\u00bbtag:h3|text_align:left|color:%23ffffff\u00a0\u00bb google_fonts=\u00a0\u00bbfont_family:Josefin%20Slab%3A100%2C100italic%2C300%2C300italic%2Cregular%2Citalic%2C600%2C600italic%2C700%2C700italic|font_style:600%20bold%20regular%3A600%3Anormal\u00a0\u00bb css=\u00a0\u00bb.vc_custom_1694436826854{margin-top: -70px !important;padding-top: 30px !important;padding-right: 30px !important;padding-bottom: 30px !important;padding-left: 30px !important;background-color: #ce1f6f !important;}\u00a0\u00bb][\/vc_column_inner][vc_column_inner width=\u00a0\u00bb1\/4&Prime;][vc_video link=\u00a0\u00bbhttps:\/\/vimeo.com\/403618633&Prime;][vc_custom_heading text=\u00a0\u00bbIlluminart Aquarium Virtuel\u00a0\u00bb font_container=\u00a0\u00bbtag:h3|text_align:left|color:%23ffffff\u00a0\u00bb google_fonts=\u00a0\u00bbfont_family:Josefin%20Slab%3A100%2C100italic%2C300%2C300italic%2Cregular%2Citalic%2C600%2C600italic%2C700%2C700italic|font_style:600%20bold%20regular%3A600%3Anormal\u00a0\u00bb css=\u00a0\u00bb.vc_custom_1694436868902{margin-top: -70px !important;padding-top: 30px !important;padding-right: 30px !important;padding-bottom: 30px !important;padding-left: 30px !important;background-color: #ce1f6f !important;}\u00a0\u00bb][\/vc_column_inner][vc_column_inner width=\u00a0\u00bb1\/4&Prime;][vc_video link=\u00a0\u00bbhttps:\/\/vimeo.com\/405107749&Prime;][vc_custom_heading text=\u00a0\u00bbIlluminart et les balades virtuelles\u00a0\u00bb font_container=\u00a0\u00bbtag:h3|text_align:left|color:%23ffffff\u00a0\u00bb google_fonts=\u00a0\u00bbfont_family:Josefin%20Slab%3A100%2C100italic%2C300%2C300italic%2Cregular%2Citalic%2C600%2C600italic%2C700%2C700italic|font_style:600%20bold%20regular%3A600%3Anormal\u00a0\u00bb css=\u00a0\u00bb.vc_custom_1694436955277{margin-top: -70px !important;padding-top: 30px !important;padding-right: 30px !important;padding-bottom: 30px !important;padding-left: 30px !important;background-color: #ce1f6f !important;}\u00a0\u00bb][\/vc_column_inner][vc_column_inner width=\u00a0\u00bb1\/4&Prime;][vc_video link=\u00a0\u00bbhttps:\/\/vimeo.com\/403642300&Prime;][vc_custom_heading text=\u00a0\u00bbLever de Lune G D Friedrich\u00a0\u00bb font_container=\u00a0\u00bbtag:h3|text_align:left|color:%23ffffff\u00a0\u00bb google_fonts=\u00a0\u00bbfont_family:Josefin%20Slab%3A100%2C100italic%2C300%2C300italic%2Cregular%2Citalic%2C600%2C600italic%2C700%2C700italic|font_style:600%20bold%20regular%3A600%3Anormal\u00a0\u00bb css=\u00a0\u00bb.vc_custom_1694436989894{margin-top: -70px !important;padding-top: 30px !important;padding-right: 30px !important;padding-bottom: 30px !important;padding-left: 30px !important;background-color: #ce1f6f !important;}\u00a0\u00bb][\/vc_column_inner][\/vc_row_inner][vc_row_inner][vc_column_inner][vc_btn title=\u00a0\u00bbVoir toutes nos vid\u00e9os\u00a0\u00bb style=\u00a0\u00bbcustom\u00a0\u00bb custom_background=\u00a0\u00bb#ce1f6f\u00a0\u00bb custom_text=\u00a0\u00bb#ffffff\u00a0\u00bb shape=\u00a0\u00bbround\u00a0\u00bb size=\u00a0\u00bblg\u00a0\u00bb align=\u00a0\u00bbcenter\u00a0\u00bb link=\u00a0\u00bburl:https%3A%2F%2Fvimeo.com%2Fartdanslacite|target:_blank\u00a0\u00bb css=\u00a0\u00bb.vc_custom_1694437173367{padding-right: 30px !important;padding-left: 30px !important;}\u00a0\u00bb][\/vc_column_inner][\/vc_row_inner][vc_row_inner][\/vc_row_inner][\/vc_column][\/vc_row]<\/p>\n<\/section>","protected":false},"excerpt":{"rendered":"<p>[vc_row][vc_column][vc_row_inner][vc_column_inner width=\u00a0\u00bb2\/3&Prime;][vc_custom_heading text=\u00a0\u00bbNotre mission\u00a0\u00bb font_container=\u00a0\u00bbtag:h2|font_size:64|text_align:left|color:%23ce1f6f|line_height:1.2&Prime; google_fonts=\u00a0\u00bbfont_family:Josefin%20Slab%3A100%2C100italic%2C300%2C300italic%2Cregular%2Citalic%2C600%2C600italic%2C700%2C700italic|font_style:700%20bold%20regular%3A700%3Anormal\u00a0\u00bb css=\u00a0\u00bb.vc_custom_1695650057134{margin-top: 50px !important;}\u00a0\u00bb][vc_single_image image=\u00a0\u00bb32406&Prime; img_size=\u00a0\u00bb\u00a0\u00bb css=\u00a0\u00bb.vc_custom_1695650038886{margin-top: 30px !important;}\u00a0\u00bb][vc_column_text]Notre vocation est d\u2019installer des \u0153uvres d\u2019art novatrices et durables \u00e0 l\u2019h\u00f4pital, de remettre le patient au c\u0153ur du dispositif de soins, de participer \u00e0 son bien-\u00eatre[\/vc_column_text][\/vc_column_inner][vc_column_inner<span class=\"excerpt-hellip\"> [\u2026]<\/span><\/p>\n","protected":false},"author":10,"featured_media":0,"parent":0,"menu_order":0,"comment_status":"closed","ping_status":"closed","template":"","meta":{"footnotes":""},"class_list":["post-32853","page","type-page","status-publish","hentry"],"_links":{"self":[{"href":"https:\/\/www.artdanslacite.eu\/fr\/wp-json\/wp\/v2\/pages\/32853","targetHints":{"allow":["GET"]}}],"collection":[{"href":"https:\/\/www.artdanslacite.eu\/fr\/wp-json\/wp\/v2\/pages"}],"about":[{"href":"https:\/\/www.artdanslacite.eu\/fr\/wp-json\/wp\/v2\/types\/page"}],"author":[{"embeddable":true,"href":"https:\/\/www.artdanslacite.eu\/fr\/wp-json\/wp\/v2\/users\/10"}],"replies":[{"embeddable":true,"href":"https:\/\/www.artdanslacite.eu\/fr\/wp-json\/wp\/v2\/comments?post=32853"}],"version-history":[{"count":3,"href":"https:\/\/www.artdanslacite.eu\/fr\/wp-json\/wp\/v2\/pages\/32853\/revisions"}],"predecessor-version":[{"id":33396,"href":"https:\/\/www.artdanslacite.eu\/fr\/wp-json\/wp\/v2\/pages\/32853\/revisions\/33396"}],"wp:attachment":[{"href":"https:\/\/www.artdanslacite.eu\/fr\/wp-json\/wp\/v2\/media?parent=32853"}],"curies":[{"name":"wp","href":"https:\/\/api.w.org\/{rel}","templated":true}]}}