{"id":32802,"date":"2023-09-08T15:48:24","date_gmt":"2023-09-08T13:48:24","guid":{"rendered":"https:\/\/www.artdanslacite.eu\/?page_id=32802"},"modified":"2023-09-27T17:31:29","modified_gmt":"2023-09-27T15:31:29","slug":"faire-un-don","status":"publish","type":"page","link":"https:\/\/www.artdanslacite.eu\/fr\/faire-un-don\/","title":{"rendered":"Faites un don"},"content":{"rendered":"<section class=\"wpb-content-wrapper\"><p>[vc_row][vc_column][vc_row_inner content_placement=\u00a0\u00bbmiddle\u00a0\u00bb css=\u00a0\u00bb.vc_custom_1694183996062{background-image: url(https:\/\/www.artdanslacite.eu\/wp-content\/uploads\/2023\/09\/illustrationtrameDemi.jpg?id=32813) !important;background-position: center !important;background-repeat: no-repeat !important;background-size: contain !important;}\u00a0\u00bb][vc_column_inner width=\u00a0\u00bb1\/2&Prime;][vc_custom_heading text=\u00a0\u00bbUn investissement responsable, des impacts durables.\u00a0\u00bb font_container=\u00a0\u00bbtag:h2|font_size:48|text_align:left|color:%23ce1f6f|line_height:1.5&Prime; google_fonts=\u00a0\u00bbfont_family:Josefin%20Slab%3A100%2C100italic%2C300%2C300italic%2Cregular%2Citalic%2C600%2C600italic%2C700%2C700italic|font_style:700%20bold%20regular%3A700%3Anormal\u00a0\u00bb][vc_single_image image=\u00a0\u00bb32406&Prime; img_size=\u00a0\u00bb\u00a0\u00bb][vc_single_image image=\u00a0\u00bb32809&Prime; css=\u00a0\u00bb.vc_custom_1694183157357{margin-bottom: -50px !important;margin-left: 30px !important;}\u00a0\u00bb][vc_column_text css=\u00a0\u00bb.vc_custom_1694445904915{padding-right: 50px !important;padding-left: 50px !important;}\u00a0\u00bb]<\/p>\n<p style=\"text-align: center; font-size: 18px; line-height: 38px;\"><em>Nous esp\u00e9rons que l\u2019h\u00f4pital de demain d\u00e9veloppera des activit\u00e9s qui rendront le s\u00e9jour hospitalier plus humain et peut-\u00eatre m\u00eame plus efficace, car la cr\u00e9ation et la sensibilit\u00e9 artistiques d\u00e9passent la seule d\u00e9marche th\u00e9rapeutique.<\/em><\/p>\n<p>[\/vc_column_text][vc_single_image image=\u00a0\u00bb32807&Prime; alignment=\u00a0\u00bbright\u00a0\u00bb css=\u00a0\u00bb.vc_custom_1694183175302{margin-top: -50px !important;margin-right: 30px !important;}\u00a0\u00bb][vc_custom_heading text=\u00a0\u00bbProfesseur Bernard GLORION, Pr\u00e9sident d\u2019Art dans la Cit\u00e9 de 2003 \u00e0 2007, Ancien Pr\u00e9sident de l\u2019Ordre National des M\u00e9decins\u00a0\u00bb font_container=\u00a0\u00bbtag:p|font_size:18|text_align:left|color:%23cd2308&Prime; use_theme_fonts=\u00a0\u00bbyes\u00a0\u00bb][vc_single_image image=\u00a0\u00bb32406&Prime; img_size=\u00a0\u00bb\u00a0\u00bb][\/vc_column_inner][vc_column_inner width=\u00a0\u00bb1\/4&Prime;][vc_custom_heading text=\u00a0\u00bbArt dans la Cit\u00e9 est une association \u00e0 but non lucratif, reconnue d\u2019int\u00e9r\u00eat g\u00e9n\u00e9ral.\u00a0\u00bb font_container=\u00a0\u00bbtag:h4|text_align:center|color:%23ffffff\u00a0\u00bb google_fonts=\u00a0\u00bbfont_family:Josefin%20Slab%3A100%2C100italic%2C300%2C300italic%2Cregular%2Citalic%2C600%2C600italic%2C700%2C700italic|font_style:600%20bold%20regular%3A600%3Anormal\u00a0\u00bb css=\u00a0\u00bb.vc_custom_1694181998078{padding-top: 110px !important;padding-right: 30px !important;padding-bottom: 110px !important;padding-left: 30px !important;background-image: url(https:\/\/www.artdanslacite.eu\/wp-content\/uploads\/2023\/09\/Ellipse-18.png?id=32609) !important;background-position: center !important;background-repeat: no-repeat !important;background-size: contain !important;}\u00a0\u00bb][vc_custom_heading text=\u00a0\u00bb50\u20ac donn\u00e9s Co\u00fbt r\u00e9el = 17\u20ac\u00a0\u00bb font_container=\u00a0\u00bbtag:h4|font_size:30|text_align:center|color:%23ffffff|line_height:1&Prime; google_fonts=\u00a0\u00bbfont_family:Josefin%20Slab%3A100%2C100italic%2C300%2C300italic%2Cregular%2Citalic%2C600%2C600italic%2C700%2C700italic|font_style:700%20bold%20regular%3A700%3Anormal\u00a0\u00bb css=\u00a0\u00bb.vc_custom_1695647038004{margin-right: -50px !important;padding-top: 100px !important;padding-right: 60px !important;padding-bottom: 100px !important;padding-left: 60px !important;background-image: url(https:\/\/www.artdanslacite.eu\/wp-content\/uploads\/2023\/09\/Ellipse-18.png?id=32609) !important;background-position: center !important;background-repeat: no-repeat !important;background-size: contain !important;}\u00a0\u00bb][vc_custom_heading text=\u00a0\u00bb500\u20ac donn\u00e9s Co\u00fbt r\u00e9el =170\u20ac\u00a0\u00bb font_container=\u00a0\u00bbtag:h4|font_size:30|text_align:center|color:%23ffffff|line_height:1&Prime; google_fonts=\u00a0\u00bbfont_family:Josefin%20Slab%3A100%2C100italic%2C300%2C300italic%2Cregular%2Citalic%2C600%2C600italic%2C700%2C700italic|font_style:700%20bold%20regular%3A700%3Anormal\u00a0\u00bb css=\u00a0\u00bb.vc_custom_1694183787588{margin-right: -150px !important;padding-top: 100px !important;padding-right: 100px !important;padding-bottom: 100px !important;padding-left: 100px !important;background-image: url(https:\/\/www.artdanslacite.eu\/wp-content\/uploads\/2023\/09\/Ellipse-15-24.png?id=32598) !important;background-position: center !important;background-repeat: no-repeat !important;background-size: contain !important;}\u00a0\u00bb][\/vc_column_inner][vc_column_inner width=\u00a0\u00bb1\/4&Prime;][vc_custom_heading text=\u00a0\u00bbR\u00e9duction d\u2019imp\u00f4t sur le revenu \u00e9gale \u00e0 66 % du montant de votre don !\u00a0\u00bb font_container=\u00a0\u00bbtag:h4|font_size:28|text_align:center|color:%23ffffff|line_height:1&Prime; google_fonts=\u00a0\u00bbfont_family:Josefin%20Slab%3A100%2C100italic%2C300%2C300italic%2Cregular%2Citalic%2C600%2C600italic%2C700%2C700italic|font_style:700%20bold%20regular%3A700%3Anormal\u00a0\u00bb css=\u00a0\u00bb.vc_custom_1694183682176{margin-left: -150px !important;padding-top: 90px !important;padding-right: 90px !important;padding-bottom: 80px !important;padding-left: 90px !important;background-image: url(https:\/\/www.artdanslacite.eu\/wp-content\/uploads\/2023\/09\/Ellipse-15-24.png?id=32598) !important;background-position: center !important;background-repeat: no-repeat !important;background-size: contain !important;}\u00a0\u00bb][vc_custom_heading text=\u00a0\u00bb100\u20ac donn\u00e9s Co\u00fbt r\u00e9el =34\u20ac\u00a0\u00bb font_container=\u00a0\u00bbtag:h4|font_size:30|text_align:center|color:%23ffffff|line_height:1&Prime; google_fonts=\u00a0\u00bbfont_family:Josefin%20Slab%3A100%2C100italic%2C300%2C300italic%2Cregular%2Citalic%2C600%2C600italic%2C700%2C700italic|font_style:700%20bold%20regular%3A700%3Anormal\u00a0\u00bb css=\u00a0\u00bb.vc_custom_1694183744435{margin-left: -150px !important;padding-top: 100px !important;padding-right: 90px !important;padding-bottom: 100px !important;padding-left: 90px !important;background-image: url(https:\/\/www.artdanslacite.eu\/wp-content\/uploads\/2023\/09\/Ellipse-18-1.png?id=32805) !important;background-position: center !important;background-repeat: no-repeat !important;background-size: contain !important;}\u00a0\u00bb][\/vc_column_inner][\/vc_row_inner][\/vc_column][\/vc_row][vc_row full_width=\u00a0\u00bbstretch_row\u00a0\u00bb content_placement=\u00a0\u00bbmiddle\u00a0\u00bb css=\u00a0\u00bb.vc_custom_1695135982552{background-image: url(https:\/\/www.artdanslacite.eu\/wp-content\/uploads\/2023\/09\/faites-un-don-en-ligne.jpg?id=33181) !important;background-position: center !important;background-repeat: no-repeat !important;background-size: cover !important;}\u00a0\u00bb][vc_column width=\u00a0\u00bb2\/3&Prime;][vc_custom_heading text=\u00a0\u00bbFaites un don en ligne\u00a0\u00bb font_container=\u00a0\u00bbtag:h2|font_size:54|text_align:left|color:%23ffffff|line_height:1&Prime; google_fonts=\u00a0\u00bbfont_family:Josefin%20Slab%3A100%2C100italic%2C300%2C300italic%2Cregular%2Citalic%2C600%2C600italic%2C700%2C700italic|font_style:700%20bold%20regular%3A700%3Anormal\u00a0\u00bb][vc_single_image image=\u00a0\u00bb32416&Prime; img_size=\u00a0\u00bbmedium\u00a0\u00bb css=\u00a0\u00bb.vc_custom_1695647105946{margin-top: 20px !important;}\u00a0\u00bb][vc_custom_heading text=\u00a0\u00bbpour soutenir\u00a0\u00bb font_container=\u00a0\u00bbtag:h2|font_size:42|text_align:right|color:%23ffffff\u00a0\u00bb google_fonts=\u00a0\u00bbfont_family:Josefin%20Slab%3A100%2C100italic%2C300%2C300italic%2Cregular%2Citalic%2C600%2C600italic%2C700%2C700italic|font_style:600%20bold%20regular%3A600%3Anormal\u00a0\u00bb][vc_custom_heading text=\u00a0\u00bbArt dans la cit\u00e9\u00a0\u00bb font_container=\u00a0\u00bbtag:h2|font_size:42|text_align:right|color:%23ffffff\u00a0\u00bb google_fonts=\u00a0\u00bbfont_family:Josefin%20Slab%3A100%2C100italic%2C300%2C300italic%2Cregular%2Citalic%2C600%2C600italic%2C700%2C700italic|font_style:600%20bold%20regular%3A600%3Anormal\u00a0\u00bb css=\u00a0\u00bb.vc_custom_1695647147811{margin-top: 50px !important;}\u00a0\u00bb][\/vc_column][vc_column width=\u00a0\u00bb1\/3&Prime;][vc_btn title=\u00a0\u00bbFaire un don\u00a0\u00bb style=\u00a0\u00bbcustom\u00a0\u00bb custom_background=\u00a0\u00bb#ffffff\u00a0\u00bb custom_text=\u00a0\u00bb#ce1f6f\u00a0\u00bb shape=\u00a0\u00bbround\u00a0\u00bb size=\u00a0\u00bblg\u00a0\u00bb align=\u00a0\u00bbcenter\u00a0\u00bb button_block=\u00a0\u00bbtrue\u00a0\u00bb css=\u00a0\u00bb.vc_custom_1695204102701{padding-right: 80px !important;padding-left: 80px !important;}\u00a0\u00bb link=\u00a0\u00bburl:https%3A%2F%2Fwww.helloasso.com%2Fassociations%2Fart-dans-la-cite%2Fformulaires%2F1|target:_blank\u00a0\u00bb][\/vc_column][\/vc_row][vc_row equal_height=\u00a0\u00bbyes\u00a0\u00bb content_placement=\u00a0\u00bbtop\u00a0\u00bb css=\u00a0\u00bb.vc_custom_1694423720714{margin-top: 50px !important;background-position: 0 0 !important;background-repeat: no-repeat !important;}\u00a0\u00bb][vc_column width=\u00a0\u00bb1\/4&Prime;][vc_single_image image=\u00a0\u00bb33184&Prime; img_size=\u00a0\u00bb\u00a0\u00bb][vc_column_text css=\u00a0\u00bb.vc_custom_1694423138147{padding-right: 20px !important;padding-left: 20px !important;}\u00a0\u00bb]Depuis 1999, elle a \u0153uvr\u00e9 pour le b\u00e9n\u00e9fice d\u2019une centaine d\u2019h\u00f4pitaux dans le monde entier touchant ainsi des milliers de patients et leur famille.[\/vc_column_text][\/vc_column][vc_column width=\u00a0\u00bb1\/4&Prime;][vc_column_text css=\u00a0\u00bb.vc_custom_1694423517768{margin-top: 10px !important;padding-right: 20px !important;padding-left: 20px !important;}\u00a0\u00bb]Art dans la Cit\u00e9 introduit l\u2019art contemporain dans tous les espaces de l\u2019h\u00f4pital pour am\u00e9liorer le s\u00e9jour et le cadre de vie des patients et des personnels, dans une approche originale et innovante.[\/vc_column_text][vc_single_image image=\u00a0\u00bb33179&Prime; img_size=\u00a0\u00bb\u00a0\u00bb][\/vc_column][vc_column width=\u00a0\u00bb1\/2&Prime; css=\u00a0\u00bb.vc_custom_1694423072129{margin-left: 30px !important;}\u00a0\u00bb][vc_custom_heading text=\u00a0\u00bbJe fais un don par courrier\u00a0\u00bb font_container=\u00a0\u00bbtag:h3|font_size:42|text_align:left|color:%23666666|line_height:1.2&Prime; google_fonts=\u00a0\u00bbfont_family:Josefin%20Slab%3A100%2C100italic%2C300%2C300italic%2Cregular%2Citalic%2C600%2C600italic%2C700%2C700italic|font_style:700%20bold%20regular%3A700%3Anormal\u00a0\u00bb][vc_btn title=\u00a0\u00bbT\u00e9l\u00e9chargez le formulaire\u00a0\u00bb style=\u00a0\u00bbcustom\u00a0\u00bb custom_background=\u00a0\u00bb#ce1f6f\u00a0\u00bb custom_text=\u00a0\u00bb#ffffff\u00a0\u00bb shape=\u00a0\u00bbround\u00a0\u00bb size=\u00a0\u00bblg\u00a0\u00bb align=\u00a0\u00bbleft\u00a0\u00bb css=\u00a0\u00bb.vc_custom_1694446156640{margin-top: 50px !important;margin-bottom: 50px !important;}\u00a0\u00bb link=\u00a0\u00bburl:https%3A%2F%2Fwww.artdanslacite.eu%2Fwp-content%2Fuploads%2F2018%2F06%2FBulletin-de-don-FR.pdf|target:_blank\u00a0\u00bb][vc_column_text css=\u00a0\u00bb.vc_custom_1694423087473{padding-right: 20px !important;}\u00a0\u00bb]Adressez votre ch\u00e8que \u00e0 l\u2019ordre d\u2019Art dans la Cit\u00e9 avec votre bulletin compl\u00e9t\u00e9 \u00e0 :[\/vc_column_text][vc_column_text]<\/p>\n<p style=\"text-align: left;color:#666666;\"><strong>Art dans la Cit\u00e9<\/strong><br \/>\n<strong>GH Piti\u00e9 Salp\u00eatri\u00e8re<\/strong><br \/>\n<strong>D\u00e9partement d\u2019Anesth\u00e9sie<\/strong><br \/>\n<strong>47-83 Boulevard de l\u2019h\u00f4pital<\/strong><br \/>\n<strong>Paris 75013<\/strong>[\/vc_column_text][\/vc_column][\/vc_row][vc_row][vc_column][\/vc_column][\/vc_row]<\/p>\n<\/section>","protected":false},"excerpt":{"rendered":"<p>[vc_row][vc_column][vc_row_inner content_placement=\u00a0\u00bbmiddle\u00a0\u00bb css=\u00a0\u00bb.vc_custom_1694183996062{background-image: url(https:\/\/www.artdanslacite.eu\/wp-content\/uploads\/2023\/09\/illustrationtrameDemi.jpg?id=32813) !important;background-position: center !important;background-repeat: no-repeat !important;background-size: contain !important;}\u00a0\u00bb][vc_column_inner width=\u00a0\u00bb1\/2&Prime;][vc_custom_heading text=\u00a0\u00bbUn investissement responsable, des impacts durables.\u00a0\u00bb font_container=\u00a0\u00bbtag:h2|font_size:48|text_align:left|color:%23ce1f6f|line_height:1.5&Prime; google_fonts=\u00a0\u00bbfont_family:Josefin%20Slab%3A100%2C100italic%2C300%2C300italic%2Cregular%2Citalic%2C600%2C600italic%2C700%2C700italic|font_style:700%20bold%20regular%3A700%3Anormal\u00a0\u00bb][vc_single_image image=\u00a0\u00bb32406&Prime; img_size=\u00a0\u00bb\u00a0\u00bb][vc_single_image image=\u00a0\u00bb32809&Prime; css=\u00a0\u00bb.vc_custom_1694183157357{margin-bottom: -50px !important;margin-left: 30px !important;}\u00a0\u00bb][vc_column_text css=\u00a0\u00bb.vc_custom_1694445904915{padding-right: 50px !important;padding-left: 50px !important;}\u00a0\u00bb] Nous esp\u00e9rons que l\u2019h\u00f4pital de demain d\u00e9veloppera<span class=\"excerpt-hellip\"> [\u2026]<\/span><\/p>\n","protected":false},"author":10,"featured_media":0,"parent":0,"menu_order":0,"comment_status":"closed","ping_status":"closed","template":"","meta":{"footnotes":""},"class_list":["post-32802","page","type-page","status-publish","hentry"],"_links":{"self":[{"href":"https:\/\/www.artdanslacite.eu\/fr\/wp-json\/wp\/v2\/pages\/32802","targetHints":{"allow":["GET"]}}],"collection":[{"href":"https:\/\/www.artdanslacite.eu\/fr\/wp-json\/wp\/v2\/pages"}],"about":[{"href":"https:\/\/www.artdanslacite.eu\/fr\/wp-json\/wp\/v2\/types\/page"}],"author":[{"embeddable":true,"href":"https:\/\/www.artdanslacite.eu\/fr\/wp-json\/wp\/v2\/users\/10"}],"replies":[{"embeddable":true,"href":"https:\/\/www.artdanslacite.eu\/fr\/wp-json\/wp\/v2\/comments?post=32802"}],"version-history":[{"count":3,"href":"https:\/\/www.artdanslacite.eu\/fr\/wp-json\/wp\/v2\/pages\/32802\/revisions"}],"predecessor-version":[{"id":33335,"href":"https:\/\/www.artdanslacite.eu\/fr\/wp-json\/wp\/v2\/pages\/32802\/revisions\/33335"}],"wp:attachment":[{"href":"https:\/\/www.artdanslacite.eu\/fr\/wp-json\/wp\/v2\/media?parent=32802"}],"curies":[{"name":"wp","href":"https:\/\/api.w.org\/{rel}","templated":true}]}}