{"id":32773,"date":"2023-09-08T15:30:32","date_gmt":"2023-09-08T13:30:32","guid":{"rendered":"https:\/\/www.artdanslacite.eu\/?page_id=32773"},"modified":"2023-09-28T16:14:00","modified_gmt":"2023-09-28T14:14:00","slug":"nos-partenaires","status":"publish","type":"page","link":"https:\/\/www.artdanslacite.eu\/fr\/nos-partenaires\/","title":{"rendered":"Partenaires"},"content":{"rendered":"<section class=\"wpb-content-wrapper\"><p>[vc_row][vc_column][\/vc_column][\/vc_row][vc_row][vc_column css=\u00a0\u00bb.vc_custom_1694180510467{background-position: center !important;background-repeat: no-repeat !important;background-size: contain !important;}\u00a0\u00bb][vc_custom_heading text=\u00a0\u00bbM\u00e9c\u00e8nes\u00a0\u00bb font_container=\u00a0\u00bbtag:h2|font_size:64|text_align:left|color:%23ce1f6f\u00a0\u00bb google_fonts=\u00a0\u00bbfont_family:Josefin%20Slab%3A100%2C100italic%2C300%2C300italic%2Cregular%2Citalic%2C600%2C600italic%2C700%2C700italic|font_style:700%20bold%20regular%3A700%3Anormal\u00a0\u00bb css=\u00a0\u00bb.vc_custom_1694178834666{margin-top: 50px !important;margin-left: 50px !important;}\u00a0\u00bb][vc_single_image image=\u00a0\u00bb32406&Prime; img_size=\u00a0\u00bb\u00a0\u00bb css=\u00a0\u00bb.vc_custom_1693994894671{margin-top: 30px !important;margin-left: 50px !important;}\u00a0\u00bb][vc_media_grid element_width=\u00a0\u00bb2&Prime; grid_id=\u00a0\u00bbvc_gid:1695910234873-7aa7d436ea19844ccc301a97cf5131d7-0&Prime; include=\u00a0\u00bb32792,32790,32788,32786,32794,32778&Prime;][\/vc_column][\/vc_row][vc_row css=\u00a0\u00bb.vc_custom_1694180568776{background-image: url(https:\/\/www.artdanslacite.eu\/wp-content\/uploads\/2023\/09\/Illuminart-Museumcontoutr-5.png?id=32519) !important;background-position: 0 0 !important;background-repeat: no-repeat !important;}\u00a0\u00bb][vc_column][vc_column_text]Commission Europ\u00e9enne \u2013 Programme Culture, F\u00e9d\u00e9ration Europ\u00e9enne des H\u00f4pitaux (HOPE), F\u00e9d\u00e9ration Hospitali\u00e8re de France, Assistance Publique H\u00f4pitaux de Paris, Fondation EIG, M\u00e9c\u00e8nes et Loire, Fondation Orp\u00e9a, Resah, Fondation nehs, CNC, fondation Afnic, minist\u00e8re de la Sant\u00e9, R\u00e9gion Ile de France, Ecole Nationale Sup\u00e9rieure des Beaux Arts de Paris, fondation Bouygues Telecom, Humanit\u00e9s Digital Num\u00e9rique, fondation Batig\u00e8re, fondation Apicil, Ipsen, Archipel des Utopies, Ville de Paris \u2013 Label Paris Europe, Ville de Turku (Finlande), Comunidad de Madrid, Regione Veneto, Lefranc &amp; Bourgeois, Galerie Charlot, Fondation de France, Fondation Orange, Fondation SFR, G\u00e9n\u00e9rali Atout Soleil, Fondation Alberici-Octalfa, Fondation Roche, GlaxoSmithKline, Air Liquide Sant\u00e9, Pau B\u00e9rn Cancer etc.[\/vc_column_text][vc_custom_heading text=\u00a0\u00bbArtistes\u00a0\u00bb font_container=\u00a0\u00bbtag:h2|font_size:64|text_align:left|color:%23ce1f6f\u00a0\u00bb google_fonts=\u00a0\u00bbfont_family:Josefin%20Slab%3A100%2C100italic%2C300%2C300italic%2Cregular%2Citalic%2C600%2C600italic%2C700%2C700italic|font_style:700%20bold%20regular%3A700%3Anormal\u00a0\u00bb css=\u00a0\u00bb.vc_custom_1694180052968{margin-top: 50px !important;margin-left: 50px !important;}\u00a0\u00bb][vc_single_image image=\u00a0\u00bb32406&Prime; img_size=\u00a0\u00bb\u00a0\u00bb css=\u00a0\u00bb.vc_custom_1693994894671{margin-top: 30px !important;margin-left: 50px !important;}\u00a0\u00bb][vc_column_text]Mathias Bensimon, Kader ATTIA, Alice BAILLAUD, Virginie BAILLY, Olivier BAUDELOCQUE, Catherine BENAS, Efrath BOUANA, Jean-Pierre BRAZS, Agn\u00e8s CAFFIER, Jota CASTRO, Catherine CLAEYE, Mar COBOS, Marc COUTURIER, Lise COUZINIER, Carlito DALCEGGIO, Olivier DEBRE, Sylvie DENET, Stanislao DI GIUGNO, Anne GOROUBEN, Harald FERNAGU, Michael FLIRI, Adrien GARCIA, Lo\u00efc Loeiz HAMON, Julieta HANONO, Clemens HOLLERER, Rapha\u00ebl ISDANT, Megumi ISHIBASHI, Damijan KRACINA, Beno\u00eet LABOURDETTE, Dominik LEJMAN, Olivier MASMONTEIL, Louise MERCADIER, Midi6, Szilard MIKLOS, Denes MIKLOSI, Janie NICOLL, Zaza NOAH, Fred PERIE, Ann Papoulis, Andrea PHILIPPOT MATTHIEU, Quartier Anim\u00e9, Mariana RAMOS, Annie RATTI, L\u00e9opoldine ROUX, Pepa RUEDA, Pietro RUFFO, Maria Teresa SILVA, Nicolas SORDELLO, Sylvain SOUSSAN, Graham STEVENS, Tomaz TOMAZIN, Santiago TORRES, David TREMLETT, Hugo VERLINDE[\/vc_column_text][vc_custom_heading text=\u00a0\u00bbEtablissements de soins\u00a0\u00bb font_container=\u00a0\u00bbtag:h2|font_size:64|text_align:left|color:%23ce1f6f\u00a0\u00bb google_fonts=\u00a0\u00bbfont_family:Josefin%20Slab%3A100%2C100italic%2C300%2C300italic%2Cregular%2Citalic%2C600%2C600italic%2C700%2C700italic|font_style:700%20bold%20regular%3A700%3Anormal\u00a0\u00bb css=\u00a0\u00bb.vc_custom_1694180297594{margin-top: 50px !important;margin-left: 50px !important;}\u00a0\u00bb][vc_custom_heading text=\u00a0\u00bb(h\u00f4pitaux et centre m\u00e9dico-sociaux)\u00a0\u00bb font_container=\u00a0\u00bbtag:h3|font_size:40|text_align:left|color:%23ce1f6f\u00a0\u00bb google_fonts=\u00a0\u00bbfont_family:Josefin%20Slab%3A100%2C100italic%2C300%2C300italic%2Cregular%2Citalic%2C600%2C600italic%2C700%2C700italic|font_style:700%20bold%20regular%3A700%3Anormal\u00a0\u00bb css=\u00a0\u00bb.vc_custom_1694180440770{margin-top: 50px !important;margin-left: 50px !important;}\u00a0\u00bb][vc_single_image image=\u00a0\u00bb32406&Prime; img_size=\u00a0\u00bb\u00a0\u00bb css=\u00a0\u00bb.vc_custom_1693994894671{margin-top: 30px !important;margin-left: 50px !important;}\u00a0\u00bb][vc_column_text]En France<br \/>\nH\u00f4pital Armand Trousseau, H\u00f4pital Foch, H\u00f4pital de la Piti\u00e9-Salp\u00eatri\u00e8re \u00e0 Paris, H\u00f4pital Necker-Enfants malades, H\u00f4pital Bretonneau, H\u00f4pital Bichat-Claude Bernard, H\u00f4pital Sainte-Anne, Institut Mutualiste Montsouris, H\u00f4pital Saint-Joseph, H\u00f4pital Sainte-P\u00e9rine, H\u00f4pital Antoine B\u00e9cl\u00e8re \u00e0 Clamart, HPR de Bullion, H\u00f4pital Paul Brousse \u00e0 Villejuif, CTP Margency, CH Sud Francilien \u00e0 Evry, CH Ren\u00e9 Dubos \u00e0 Pontoise, H\u00f4pital Charles Richet \u00e0 Villiers-le-Bel, H\u00f4pital Arthur Gardiner \u00e0 Dinard, Centre d\u2019accueil et de soins psychoth\u00e9rapiques \u00e0 Colmar, H\u00f4pital de Rouffach, de Port Louis Riantec, Centre Hospitalier de Bonifacio, Corse du Sud, CHU de Nantes, H\u00f4pital La Timone et Sainte Marguerite \u00e0 Marseille, de Chamb\u00e9ry, d\u2019Annecy, CHU de Nice, Centre L\u00e9on B\u00e9rard \u00e0 Lyon, Espace P\u00e9diatrique Alice Blum-Ribes \u2013 UGECAM (93), CHRU de Nancy (54), AMPAD Association d\u2019aide et de maintien \u00e0 domicile (03), CH de Pau, CHU d\u2019Angers, La Maison de R\u00e9pit \u00e0 Lyon, CH de Flers (61), CHI Cr\u00e9teil (94), Ehpad St Charles de Gondrecourt (55) etc.<\/p>\n<p>A l\u2019\u00e9tranger<br \/>\nAglaia Kyriakou Children Hospital, Athens, Johns Hopkins Children Center Baltimore, USA, Clinique p\u00e9diatrique de Ljubljana (Slov\u00e9nie), National Hospital Tokushima (Japon), H\u00f4pital Gregorio Maranon, H\u00f4pital San Rafael, La Paz, Nino Jesus, \u00e0 Madrid (Espagne), H\u00f4pital La Sapienza-Umberto I et Bambino Gesu \u00e0 Rome, Clinique Santa-Maria \u00e0 Lisbonne, East Grampians Aratat Hospital (Australie), Royal Hospital for Sick Children \u00e0 Glasgow (Ecosse), AZ VUB et H\u00f4pital Erasme \u00e0 Bruxelles, Clinique p\u00e9diatrique de Varsovie (Pologne), Clinique Psychiatrique de Cluj-Napoca (Roumanie), Bruck-an-der Mur Hospital (Autriche), H\u00f4pital Kaskenlinna \u00e0 Turku (Finlande), H\u00f4pitaux Universitaires de Gen\u00e8ve HUG (Suisse) etc.[\/vc_column_text][\/vc_column][\/vc_row]<\/p>\n<\/section>","protected":false},"excerpt":{"rendered":"<p>[vc_row][vc_column][\/vc_column][\/vc_row][vc_row][vc_column css=\u00a0\u00bb.vc_custom_1694180510467{background-position: center !important;background-repeat: no-repeat !important;background-size: contain !important;}\u00a0\u00bb][vc_custom_heading text=\u00a0\u00bbM\u00e9c\u00e8nes\u00a0\u00bb font_container=\u00a0\u00bbtag:h2|font_size:64|text_align:left|color:%23ce1f6f\u00a0\u00bb google_fonts=\u00a0\u00bbfont_family:Josefin%20Slab%3A100%2C100italic%2C300%2C300italic%2Cregular%2Citalic%2C600%2C600italic%2C700%2C700italic|font_style:700%20bold%20regular%3A700%3Anormal\u00a0\u00bb css=\u00a0\u00bb.vc_custom_1694178834666{margin-top: 50px !important;margin-left: 50px !important;}\u00a0\u00bb][vc_single_image image=\u00a0\u00bb32406&Prime; img_size=\u00a0\u00bb\u00a0\u00bb css=\u00a0\u00bb.vc_custom_1693994894671{margin-top: 30px !important;margin-left: 50px !important;}\u00a0\u00bb][vc_media_grid element_width=\u00a0\u00bb2&Prime; grid_id=\u00a0\u00bbvc_gid:1695910234873-7aa7d436ea19844ccc301a97cf5131d7-0&Prime; include=\u00a0\u00bb32792,32790,32788,32786,32794,32778&Prime;][\/vc_column][\/vc_row][vc_row css=\u00a0\u00bb.vc_custom_1694180568776{background-image: url(https:\/\/www.artdanslacite.eu\/wp-content\/uploads\/2023\/09\/Illuminart-Museumcontoutr-5.png?id=32519) !important;background-position: 0 0 !important;background-repeat: no-repeat !important;}\u00a0\u00bb][vc_column][vc_column_text]Commission Europ\u00e9enne \u2013 Programme Culture, F\u00e9d\u00e9ration Europ\u00e9enne<span class=\"excerpt-hellip\"> [\u2026]<\/span><\/p>\n","protected":false},"author":10,"featured_media":0,"parent":0,"menu_order":0,"comment_status":"closed","ping_status":"closed","template":"","meta":{"footnotes":""},"class_list":["post-32773","page","type-page","status-publish","hentry"],"_links":{"self":[{"href":"https:\/\/www.artdanslacite.eu\/fr\/wp-json\/wp\/v2\/pages\/32773","targetHints":{"allow":["GET"]}}],"collection":[{"href":"https:\/\/www.artdanslacite.eu\/fr\/wp-json\/wp\/v2\/pages"}],"about":[{"href":"https:\/\/www.artdanslacite.eu\/fr\/wp-json\/wp\/v2\/types\/page"}],"author":[{"embeddable":true,"href":"https:\/\/www.artdanslacite.eu\/fr\/wp-json\/wp\/v2\/users\/10"}],"replies":[{"embeddable":true,"href":"https:\/\/www.artdanslacite.eu\/fr\/wp-json\/wp\/v2\/comments?post=32773"}],"version-history":[{"count":3,"href":"https:\/\/www.artdanslacite.eu\/fr\/wp-json\/wp\/v2\/pages\/32773\/revisions"}],"predecessor-version":[{"id":33602,"href":"https:\/\/www.artdanslacite.eu\/fr\/wp-json\/wp\/v2\/pages\/32773\/revisions\/33602"}],"wp:attachment":[{"href":"https:\/\/www.artdanslacite.eu\/fr\/wp-json\/wp\/v2\/media?parent=32773"}],"curies":[{"name":"wp","href":"https:\/\/api.w.org\/{rel}","templated":true}]}}