{"id":33455,"date":"2023-09-27T15:14:03","date_gmt":"2023-09-27T13:14:03","guid":{"rendered":"https:\/\/www.artdanslacite.eu\/illuminart\/"},"modified":"2023-09-29T11:23:26","modified_gmt":"2023-09-29T09:23:26","slug":"illuminart","status":"publish","type":"page","link":"https:\/\/www.artdanslacite.eu\/en\/illuminart\/","title":{"rendered":"Illuminart"},"content":{"rendered":"<section class=\"wpb-content-wrapper\"><p>[vc_row][vc_column][\/vc_column][\/vc_row][vc_row][vc_column][vc_custom_heading text=&#8221;Illuminart&#8221; font_container=&#8221;tag:h2|font_size:64|text_align:left|color:%23ce1f6f|line_height:1&#8243; google_fonts=&#8221;font_family:Josefin%20Slab%3A100%2C100italic%2C300%2C300italic%2Cregular%2Citalic%2C600%2C600italic%2C700%2C700italic|font_style:700%20bold%20regular%3A700%3Anormal&#8221; css=&#8221;.vc_custom_1695308600002{margin-top: 50px !important;}&#8221;][\/vc_column][\/vc_row][vc_row][vc_column][vc_single_image image=&#8221;32407&#8243; img_size=&#8221;&#8221; css=&#8221;.vc_custom_1695308610437{margin-top: 30px !important;}&#8221;][\/vc_column][\/vc_row][vc_row css=&#8221;.vc_custom_1694100720554{margin-bottom: 50px !important;background-position: center !important;background-repeat: no-repeat !important;background-size: contain !important;}&#8221;][vc_column width=&#8221;5\/12&#8243;][vc_single_image image=&#8221;32549&#8243; img_size=&#8221;large&#8221;][\/vc_column][vc_column width=&#8221;7\/12&#8243; css=&#8221;.vc_custom_1694101151680{padding-right: 180px !important;padding-bottom: 50px !important;padding-left: -60px !important;background-image: url(https:\/\/www.artdanslacite.eu\/wp-content\/uploads\/2023\/09\/Illuminartbleu.jpg?id=32544) !important;background-position: center !important;background-repeat: no-repeat !important;background-size: contain !important;}&#8221;][vc_custom_heading text=&#8221;Easy&#8221; font_container=&#8221;tag:h3|font_size:44|text_align:left|color:%23ce1f6f|line_height:1&#8243; google_fonts=&#8221;font_family:Josefin%20Slab%3A100%2C100italic%2C300%2C300italic%2Cregular%2Citalic%2C600%2C600italic%2C700%2C700italic|font_style:700%20bold%20regular%3A700%3Anormal&#8221; css=&#8221;.vc_custom_1695308694591{margin-left: 100px !important;}&#8221;][vc_custom_heading text=&#8221;Innovative&#8221; font_container=&#8221;tag:h3|font_size:32|text_align:left|color:%23ce1f6f&#8221; google_fonts=&#8221;font_family:Josefin%20Slab%3A100%2C100italic%2C300%2C300italic%2Cregular%2Citalic%2C600%2C600italic%2C700%2C700italic|font_style:700%20bold%20regular%3A700%3Anormal&#8221; css=&#8221;.vc_custom_1694101035790{margin-top: 50px !important;margin-left: 80px !important;}&#8221;][vc_custom_heading text=&#8221;Light&#8221; font_container=&#8221;tag:h3|font_size:44|text_align:left|color:%23ce1f6f&#8221; google_fonts=&#8221;font_family:Josefin%20Slab%3A100%2C100italic%2C300%2C300italic%2Cregular%2Citalic%2C600%2C600italic%2C700%2C700italic|font_style:700%20bold%20regular%3A700%3Anormal&#8221; css=&#8221;.vc_custom_1694100472640{margin-left: 60px !important;}&#8221;][vc_custom_heading text=&#8221;Artistic&#8221; font_container=&#8221;tag:h3|font_size:36|text_align:left|color:%23ce1f6f&#8221; google_fonts=&#8221;font_family:Josefin%20Slab%3A100%2C100italic%2C300%2C300italic%2Cregular%2Citalic%2C600%2C600italic%2C700%2C700italic|font_style:700%20bold%20regular%3A700%3Anormal&#8221; css=&#8221;.vc_custom_1694101003060{margin-top: 30px !important;margin-left: 20px !important;}&#8221;][vc_custom_heading text=&#8221;Mobile&#8221; font_container=&#8221;tag:h3|font_size:44|text_align:left|color:%23ce1f6f&#8221; google_fonts=&#8221;font_family:Josefin%20Slab%3A100%2C100italic%2C300%2C300italic%2Cregular%2Citalic%2C600%2C600italic%2C700%2C700italic|font_style:700%20bold%20regular%3A700%3Anormal&#8221; css=&#8221;.vc_custom_1694100975210{margin-top: 50px !important;margin-left: -50px !important;}&#8221;][\/vc_column][\/vc_row][vc_row css=&#8221;.vc_custom_1693928401096{margin-bottom: 80px !important;}&#8221;][vc_column width=&#8221;1\/3&#8243; css=&#8221;.vc_custom_1693926824255{margin-top: -100px !important;}&#8221;][vc_single_image image=&#8221;32547&#8243; img_size=&#8221;medium&#8221; alignment=&#8221;center&#8221; css=&#8221;.vc_custom_1695308640256{margin-right: 100px !important;}&#8221;][\/vc_column][vc_column width=&#8221;1\/3&#8243;][vc_single_image image=&#8221;33118&#8243; img_size=&#8221;medium&#8221; alignment=&#8221;center&#8221; css=&#8221;.vc_custom_1695128307596{margin-top: -50px !important;margin-right: 50px !important;}&#8221;][\/vc_column][vc_column width=&#8221;1\/3&#8243;][\/vc_column][\/vc_row][vc_row css=&#8221;.vc_custom_1694078829777{margin-right: 40px !important;margin-bottom: 100px !important;margin-left: -80px !important;}&#8221;][vc_column css=&#8221;.vc_custom_1693927025569{background-color: #ce1f6f !important;}&#8221;][vc_row_inner][vc_column_inner width=&#8221;7\/12&#8243;][vc_single_image image=&#8221;32554&#8243; img_size=&#8221;full&#8221; css=&#8221;.vc_custom_1693927461347{margin-top: -100px !important;}&#8221;][\/vc_column_inner][vc_column_inner width=&#8221;5\/12&#8243;][vc_column_text css=&#8221;.vc_custom_1693927584850{margin-right: 50px !important;margin-left: 50px !important;}&#8221;]In 2014, Art dans la Cit\u00e9 imagined Illuminart, an innovative device for projecting large-format interactive, immersive and multisensory digital works of art into the most intimate spaces of the hospital (rooms, treatment rooms, etc.), chosen by the user.[\/vc_column_text][vc_single_image image=&#8221;32417&#8243; img_size=&#8221;medium&#8221; css=&#8221;.vc_custom_1693927414386{margin-left: 50px !important;}&#8221;][\/vc_column_inner][\/vc_row_inner][vc_row_inner][vc_column_inner width=&#8221;5\/12&#8243;][vc_column_text css=&#8221;.vc_custom_1693927726794{margin-right: 50px !important;margin-left: 50px !important;}&#8221;]Customized, it is unique in that it allows huge format images to be projected, not only on the wall but also on the ceiling. The user can contemplate them, transform them, immerse themselves in them according to their mood.[\/vc_column_text][vc_column_text css=&#8221;.vc_custom_1693927924648{margin-right: 50px !important;margin-left: 50px !important;}&#8221;]It is a nomadic device, light (2kg) and very easy to install (5 min) composed of a box connected wirelessly or wifi to a tablet which hosts artistic and cultural education content created specifically for patients.[\/vc_column_text][vc_single_image image=&#8221;32417&#8243; img_size=&#8221;medium&#8221; css=&#8221;.vc_custom_1693927414386{margin-left: 50px !important;}&#8221;][\/vc_column_inner][vc_column_inner width=&#8221;7\/12&#8243;][vc_single_image image=&#8221;32562&#8243; img_size=&#8221;full&#8221; css=&#8221;.vc_custom_1693927899078{margin-right: -80px !important;}&#8221;][\/vc_column_inner][\/vc_row_inner][vc_row_inner css=&#8221;.vc_custom_1693928806213{margin-bottom: -200px !important;}&#8221;][vc_column_inner width=&#8221;5\/12&#8243; offset=&#8221;vc_hidden-xs&#8221;][vc_single_image image=&#8221;33124&#8243; img_size=&#8221;full&#8221; css=&#8221;.vc_custom_1695129968859{margin-bottom: -100px !important;}&#8221;][\/vc_column_inner][vc_column_inner width=&#8221;1\/12&#8243; offset=&#8221;vc_hidden-sm vc_hidden-xs&#8221;][vc_single_image image=&#8221;32565&#8243; img_size=&#8221;&#8221; alignment=&#8221;center&#8221; css=&#8221;.vc_custom_1693928449449{margin-bottom: -130px !important;}&#8221;][\/vc_column_inner][vc_column_inner width=&#8221;5\/12&#8243;][vc_column_text css=&#8221;.vc_custom_1695308765710{margin-right: 50px !important;margin-left: 50px !important;}&#8221;]Studies carried out in 20 hospitals using Illuminart show its impact on reducing pain, stress, anxiety, isolation and more generally on the well-being of everyone in the hospital.[\/vc_column_text][\/vc_column_inner][\/vc_row_inner][\/vc_column][\/vc_row][vc_row][vc_column][vc_custom_heading text=&#8221;Gallery&#8221; font_container=&#8221;tag:h2|font_size:64|text_align:left|color:%23ce1f6f&#8221; google_fonts=&#8221;font_family:Josefin%20Slab%3A100%2C100italic%2C300%2C300italic%2Cregular%2Citalic%2C600%2C600italic%2C700%2C700italic|font_style:700%20bold%20regular%3A700%3Anormal&#8221; css=&#8221;.vc_custom_1695647536893{margin-top: 50px !important;}&#8221;][vc_single_image image=&#8221;32407&#8243; img_size=&#8221;&#8221; css=&#8221;.vc_custom_1695647543593{margin-top: 30px !important;}&#8221;][vc_masonry_grid post_type=&#8221;post&#8221; max_items=&#8221;6&#8243; style=&#8221;load-more&#8221; item=&#8221;basicGrid_SlideFromLeft&#8221; btn_color=&#8221;default&#8221; grid_id=&#8221;vc_gid:1695979380056-af315ee8-76bc-6&#8243; taxonomies=&#8221;100&#8243;][vc_btn title=&#8221;See all&#8221; style=&#8221;custom&#8221; custom_background=&#8221;#ce1f6f&#8221; custom_text=&#8221;#ffffff&#8221; shape=&#8221;round&#8221; size=&#8221;lg&#8221; align=&#8221;center&#8221; link=&#8221;url:https%3A%2F%2Filluminart.fr%2Foeuvres-illuminart|target:_blank|&#8221;][\/vc_column][\/vc_row][vc_row full_width=&#8221;stretch_row&#8221; css=&#8221;.vc_custom_1694077745588{background-color: rgba(206,31,111,0.1) !important;*background-color: rgb(206,31,111) !important;}&#8221;][vc_column][vc_custom_heading text=&#8221;Videos&#8221; font_container=&#8221;tag:h2|font_size:64|text_align:left|color:%23ce1f6f&#8221; google_fonts=&#8221;font_family:Josefin%20Slab%3A100%2C100italic%2C300%2C300italic%2Cregular%2Citalic%2C600%2C600italic%2C700%2C700italic|font_style:700%20bold%20regular%3A700%3Anormal&#8221; css=&#8221;.vc_custom_1695647557433{margin-top: 50px !important;}&#8221;][vc_single_image image=&#8221;32407&#8243; img_size=&#8221;&#8221; css=&#8221;.vc_custom_1695647563137{margin-top: 30px !important;}&#8221;][vc_row_inner][vc_column_inner width=&#8221;1\/2&#8243;][vc_video link=&#8221;https:\/\/youtu.be\/Ecrz4FsLYg8?si=Zr9af9j5exA_Vz8X&#8221;][vc_custom_heading text=&#8221;Professeur Vialle, chirurgien \u00e0 l&#8217;h\u00f4pital Armand Trousseau et pr\u00e9sident d&#8217;Art dans la Cit\u00e9 vous parle de l&#8217;utilisation d&#8217;Illuminart dans son service.&#8221; font_container=&#8221;tag:h3|font_size:16|text_align:left|color:%23ffffff&#8221; use_theme_fonts=&#8221;yes&#8221; css=&#8221;.vc_custom_1693996434817{margin-top: -70px !important;padding-top: 40px !important;padding-right: 50px !important;padding-bottom: 40px !important;padding-left: 50px !important;background-color: #ce1f6f !important;}&#8221;][\/vc_column_inner][vc_column_inner width=&#8221;1\/2&#8243;][vc_video link=&#8221;https:\/\/vimeo.com\/575296721&#8243;][vc_custom_heading text=&#8221;Learn how Illuminart is used in different healthcare settings.&#8221; font_container=&#8221;tag:h3|font_size:16|text_align:left|color:%23ffffff&#8221; use_theme_fonts=&#8221;yes&#8221; css=&#8221;.vc_custom_1693996461402{margin-top: -70px !important;padding-top: 50px !important;padding-right: 50px !important;padding-bottom: 55px !important;padding-left: 50px !important;background-color: #ce1f6f !important;}&#8221;][\/vc_column_inner][\/vc_row_inner][\/vc_column][\/vc_row][vc_row][vc_column][vc_custom_heading text=&#8221;How it works&#8221; font_container=&#8221;tag:h2|font_size:64|text_align:left|color:%23ce1f6f|line_height:1&#8243; google_fonts=&#8221;font_family:Josefin%20Slab%3A100%2C100italic%2C300%2C300italic%2Cregular%2Citalic%2C600%2C600italic%2C700%2C700italic|font_style:700%20bold%20regular%3A700%3Anormal&#8221; css=&#8221;.vc_custom_1695309569562{margin-top: 50px !important;}&#8221;][vc_single_image image=&#8221;32407&#8243; img_size=&#8221;&#8221; css=&#8221;.vc_custom_1695309579827{margin-top: 30px !important;}&#8221;][\/vc_column][\/vc_row][vc_row][vc_column width=&#8221;1\/3&#8243; css=&#8221;.vc_custom_1694004845993{margin-top: 70px !important;margin-right: 50px !important;margin-bottom: 50px !important;margin-left: 50px !important;padding-top: 20px !important;padding-right: 40px !important;padding-bottom: 20px !important;padding-left: 40px !important;background-image: url(https:\/\/www.artdanslacite.eu\/wp-content\/uploads\/2023\/09\/Ellipse-22256.png?id=32595) !important;background-position: center !important;background-repeat: no-repeat !important;background-size: contain !important;}&#8221;][vc_column_text css=&#8221;.vc_custom_1694004677255{margin-top: 50px !important;padding-right: 50px !important;padding-left: 50px !important;}&#8221;]Exchange between Art of the city and the hospital[\/vc_column_text][\/vc_column][vc_column width=&#8221;1\/3&#8243; css=&#8221;.vc_custom_1694004804241{margin-top: 50px !important;margin-right: px !important;margin-bottom: 50px !important;margin-left: -50px !important;padding-top: 70px !important;padding-bottom: 50px !important;background-image: url(https:\/\/www.artdanslacite.eu\/wp-content\/uploads\/2023\/09\/Ellipse-15-24.png?id=32598) !important;background-position: center !important;background-repeat: no-repeat !important;background-size: contain !important;}&#8221;][vc_column_text css=&#8221;.vc_custom_1694004419041{padding-right: 100px !important;padding-left: 100px !important;}&#8221;]<\/p>\n<p style=\"text-align: center; font-size: 32px; line-height: 44px; color: #fff;\"><strong>Initiation of the team to Illuminart<\/strong><\/p>\n<p>[\/vc_column_text][\/vc_column][vc_column width=&#8221;1\/3&#8243; css=&#8221;.vc_custom_1695309542174{margin-bottom: 50px !important;margin-left: -100px !important;padding-top: 50px !important;padding-right: 50px !important;padding-bottom: 30px !important;padding-left: 50px !important;background-image: url(https:\/\/www.artdanslacite.eu\/wp-content\/uploads\/2023\/09\/Ellipse-22256.png?id=32595) !important;background-position: center !important;background-repeat: no-repeat !important;background-size: contain !important;}&#8221;][vc_column_text css=&#8221;.vc_custom_1694003938161{padding-right: 50px !important;padding-left: 50px !important;}&#8221;]Illuminart install with adapted content[\/vc_column_text][\/vc_column][\/vc_row][vc_row css=&#8221;.vc_custom_1694013662611{background-image: url(https:\/\/www.artdanslacite.eu\/wp-content\/uploads\/2023\/09\/Illuminart-Museumcontoutr-5.png?id=32519) !important;background-position: center !important;background-repeat: no-repeat !important;background-size: contain !important;}&#8221;][vc_column][vc_custom_heading text=&#8221;Caregivers testify&#8221; font_container=&#8221;tag:h2|font_size:64|text_align:left|color:%23ce1f6f|line_height:1&#8243; google_fonts=&#8221;font_family:Josefin%20Slab%3A100%2C100italic%2C300%2C300italic%2Cregular%2Citalic%2C600%2C600italic%2C700%2C700italic|font_style:700%20bold%20regular%3A700%3Anormal&#8221; css=&#8221;.vc_custom_1695308962192{margin-top: 50px !important;}&#8221;][vc_single_image image=&#8221;32407&#8243; img_size=&#8221;&#8221; css=&#8221;.vc_custom_1695308971428{margin-top: 30px !important;}&#8221;][vc_row_inner css=&#8221;.vc_custom_1695647605526{margin-right: 10% !important;margin-left: 10% !important;}&#8221;][vc_column_inner][vc_column_text]<\/p>\n<h3 id=\"tw-target-text\" class=\"tw-data-text tw-text-large tw-ta\" dir=\"ltr\" data-placeholder=\"Traduction\"><span class=\"Y2IQFc\" lang=\"en\">In 2021, Art dans la Cit\u00e9 conducted a social impact study among the 20 services using Illuminart and 16 responses shed light on the impact of Illuminart on caregivers.<\/span><\/h3>\n<p>[\/vc_column_text][\/vc_column_inner][\/vc_row_inner][vc_row_inner equal_height=&#8221;yes&#8221; content_placement=&#8221;middle&#8221; gap=&#8221;30&#8243;][vc_column_inner width=&#8221;1\/3&#8243; css=&#8221;.vc_custom_1694013328385{margin-bottom: 50px !important;margin-left: px !important;padding-top: 50px !important;padding-right: 50px !important;padding-bottom: 50px !important;padding-left: 50px !important;background-image: url(https:\/\/www.artdanslacite.eu\/wp-content\/uploads\/2023\/09\/Rectangle-52-1.png?id=32643) !important;background-position: center !important;background-repeat: no-repeat !important;background-size: contain !important;}&#8221;][vc_single_image image=&#8221;32626&#8243; img_size=&#8221;&#8221; alignment=&#8221;center&#8221; css=&#8221;.vc_custom_1694011593153{padding-top: 50px !important;}&#8221;][vc_column_text css=&#8221;.vc_custom_1694012965476{margin-top: -30px !important;padding-right: 10px !important;padding-left: 10px !important;}&#8221;]Illuminart seems easy to use for 87% of caregivers surveyed[\/vc_column_text][\/vc_column_inner][vc_column_inner width=&#8221;1\/3&#8243; css=&#8221;.vc_custom_1694013419265{margin-bottom: 50px !important;padding-top: 100px !important;padding-right: 50px !important;padding-bottom: 50px !important;padding-left: 50px !important;background-image: url(https:\/\/www.artdanslacite.eu\/wp-content\/uploads\/2023\/09\/Rectangle-40-1.png?id=32641) !important;background-position: center !important;background-repeat: no-repeat !important;background-size: contain !important;}&#8221;][vc_single_image image=&#8221;32624&#8243; img_size=&#8221;&#8221; alignment=&#8221;center&#8221; css=&#8221;.vc_custom_1694013555131{margin-bottom: -10px !important;}&#8221;][vc_column_text]Illuminart seems to facilitate and support the provision of care for 87% of caregivers questioned[\/vc_column_text][\/vc_column_inner][vc_column_inner width=&#8221;1\/3&#8243; css=&#8221;.vc_custom_1694013309088{padding-top: 100px !important;padding-right: 50px !important;padding-bottom: 80px !important;padding-left: 50px !important;background-image: url(https:\/\/www.artdanslacite.eu\/wp-content\/uploads\/2023\/09\/Rectangle-52-1.png?id=32643) !important;background-position: center !important;background-repeat: no-repeat !important;background-size: contain !important;}&#8221;][vc_single_image image=&#8221;32622&#8243; img_size=&#8221;&#8221; alignment=&#8221;center&#8221; css=&#8221;.vc_custom_1694013573194{margin-bottom: -30px !important;}&#8221;][vc_column_text]Illuminart seems to improve the relationship with patients for 75% of caregivers questioned[\/vc_column_text][\/vc_column_inner][\/vc_row_inner][\/vc_column][\/vc_row]<\/p>\n<\/section>","protected":false},"excerpt":{"rendered":"<p>[vc_row][vc_column][\/vc_column][\/vc_row][vc_row][vc_column][vc_custom_heading text=&#8221;Illuminart&#8221; font_container=&#8221;tag:h2|font_size:64|text_align:left|color:%23ce1f6f|line_height:1&#8243; google_fonts=&#8221;font_family:Josefin%20Slab%3A100%2C100italic%2C300%2C300italic%2Cregular%2Citalic%2C600%2C600italic%2C700%2C700italic|font_style:700%20bold%20regular%3A700%3Anormal&#8221; css=&#8221;.vc_custom_1695308600002{margin-top: 50px !important;}&#8221;][\/vc_column][\/vc_row][vc_row][vc_column][vc_single_image image=&#8221;32407&#8243; img_size=&#8221;&#8221; css=&#8221;.vc_custom_1695308610437{margin-top: 30px !important;}&#8221;][\/vc_column][\/vc_row][vc_row css=&#8221;.vc_custom_1694100720554{margin-bottom: 50px !important;background-position: center !important;background-repeat: no-repeat !important;background-size: contain !important;}&#8221;][vc_column width=&#8221;5\/12&#8243;][vc_single_image image=&#8221;32549&#8243; img_size=&#8221;large&#8221;][\/vc_column][vc_column width=&#8221;7\/12&#8243; css=&#8221;.vc_custom_1694101151680{padding-right: 180px !important;padding-bottom: 50px !important;padding-left: -60px !important;background-image: url(https:\/\/www.artdanslacite.eu\/wp-content\/uploads\/2023\/09\/Illuminartbleu.jpg?id=32544) !important;background-position: center !important;background-repeat: no-repeat !important;background-size: contain !important;}&#8221;][vc_custom_heading<span class=\"excerpt-hellip\"> [\u2026]<\/span><\/p>\n","protected":false},"author":10,"featured_media":0,"parent":0,"menu_order":0,"comment_status":"closed","ping_status":"closed","template":"","meta":{"footnotes":""},"class_list":["post-33455","page","type-page","status-publish","hentry"],"_links":{"self":[{"href":"https:\/\/www.artdanslacite.eu\/en\/wp-json\/wp\/v2\/pages\/33455","targetHints":{"allow":["GET"]}}],"collection":[{"href":"https:\/\/www.artdanslacite.eu\/en\/wp-json\/wp\/v2\/pages"}],"about":[{"href":"https:\/\/www.artdanslacite.eu\/en\/wp-json\/wp\/v2\/types\/page"}],"author":[{"embeddable":true,"href":"https:\/\/www.artdanslacite.eu\/en\/wp-json\/wp\/v2\/users\/10"}],"replies":[{"embeddable":true,"href":"https:\/\/www.artdanslacite.eu\/en\/wp-json\/wp\/v2\/comments?post=33455"}],"version-history":[{"count":3,"href":"https:\/\/www.artdanslacite.eu\/en\/wp-json\/wp\/v2\/pages\/33455\/revisions"}],"predecessor-version":[{"id":33654,"href":"https:\/\/www.artdanslacite.eu\/en\/wp-json\/wp\/v2\/pages\/33455\/revisions\/33654"}],"wp:attachment":[{"href":"https:\/\/www.artdanslacite.eu\/en\/wp-json\/wp\/v2\/media?parent=33455"}],"curies":[{"name":"wp","href":"https:\/\/api.w.org\/{rel}","templated":true}]}}