{"id":33444,"date":"2023-09-27T15:05:54","date_gmt":"2023-09-27T13:05:54","guid":{"rendered":"https:\/\/www.artdanslacite.eu\/donate-2\/"},"modified":"2023-09-29T11:33:02","modified_gmt":"2023-09-29T09:33:02","slug":"donate-2","status":"publish","type":"page","link":"https:\/\/www.artdanslacite.eu\/en\/donate-2\/","title":{"rendered":"Donate"},"content":{"rendered":"<section class=\"wpb-content-wrapper\"><p>[vc_row][vc_column][vc_row_inner content_placement=&#8221;middle&#8221; css=&#8221;.vc_custom_1694183996062{background-image: url(https:\/\/www.artdanslacite.eu\/wp-content\/uploads\/2023\/09\/illustrationtrameDemi.jpg?id=32813) !important;background-position: center !important;background-repeat: no-repeat !important;background-size: contain !important;}&#8221;][vc_column_inner width=&#8221;1\/2&#8243;][vc_custom_heading text=&#8221;Responsible investment, lasting impacts.&#8221; font_container=&#8221;tag:h2|font_size:48|text_align:left|color:%23ce1f6f|line_height:1.5&#8243; google_fonts=&#8221;font_family:Josefin%20Slab%3A100%2C100italic%2C300%2C300italic%2Cregular%2Citalic%2C600%2C600italic%2C700%2C700italic|font_style:700%20bold%20regular%3A700%3Anormal&#8221;][vc_single_image image=&#8221;32407&#8243; img_size=&#8221;&#8221;][vc_single_image image=&#8221;32810&#8243; css=&#8221;.vc_custom_1694183157357{margin-bottom: -50px !important;margin-left: 30px !important;}&#8221;][vc_column_text css=&#8221;.vc_custom_1694445904915{padding-right: 50px !important;padding-left: 50px !important;}&#8221;]<\/p>\n<p id=\"tw-target-text\" class=\"tw-data-text tw-text-large tw-ta\" dir=\"ltr\" data-placeholder=\"Traduction\"><span class=\"Y2IQFc\" lang=\"en\">We hope that the hospital of tomorrow will develop activities that will make the hospital stay more human and perhaps even more effective, because artistic creation and sensitivity go beyond the sole therapeutic approach.<\/span><\/p>\n<p>[\/vc_column_text][vc_single_image image=&#8221;32808&#8243; alignment=&#8221;right&#8221; css=&#8221;.vc_custom_1694183175302{margin-top: -50px !important;margin-right: 30px !important;}&#8221;][vc_custom_heading text=&#8221;Professeur Bernard GLORION, Pr\u00e9sident d\u2019Art dans la Cit\u00e9 de 2003 \u00e0 2007, Ancien Pr\u00e9sident de l\u2019Ordre National des M\u00e9decins&#8221; font_container=&#8221;tag:p|font_size:18|text_align:left|color:%23cd2308&#8243; use_theme_fonts=&#8221;yes&#8221;][vc_single_image image=&#8221;32407&#8243; img_size=&#8221;&#8221;][\/vc_column_inner][vc_column_inner width=&#8221;1\/4&#8243;][vc_custom_heading text=&#8221;Art dans la Cit\u00e9 is a non-profit association, recognized as being of general interest.&#8221; font_container=&#8221;tag:h4|text_align:center|color:%23ffffff&#8221; google_fonts=&#8221;font_family:Josefin%20Slab%3A100%2C100italic%2C300%2C300italic%2Cregular%2Citalic%2C600%2C600italic%2C700%2C700italic|font_style:600%20bold%20regular%3A600%3Anormal&#8221; css=&#8221;.vc_custom_1694181998078{padding-top: 110px !important;padding-right: 30px !important;padding-bottom: 110px !important;padding-left: 30px !important;background-image: url(https:\/\/www.artdanslacite.eu\/wp-content\/uploads\/2023\/09\/Ellipse-18.png?id=32609) !important;background-position: center !important;background-repeat: no-repeat !important;background-size: contain !important;}&#8221;][vc_custom_heading text=&#8221;50\u20ac donated Actual cost = 17\u20ac&#8221; font_container=&#8221;tag:h4|font_size:30|text_align:center|color:%23ffffff|line_height:1&#8243; google_fonts=&#8221;font_family:Josefin%20Slab%3A100%2C100italic%2C300%2C300italic%2Cregular%2Citalic%2C600%2C600italic%2C700%2C700italic|font_style:700%20bold%20regular%3A700%3Anormal&#8221; css=&#8221;.vc_custom_1695647038004{margin-right: -50px !important;padding-top: 100px !important;padding-right: 60px !important;padding-bottom: 100px !important;padding-left: 60px !important;background-image: url(https:\/\/www.artdanslacite.eu\/wp-content\/uploads\/2023\/09\/Ellipse-18.png?id=32609) !important;background-position: center !important;background-repeat: no-repeat !important;background-size: contain !important;}&#8221;][vc_custom_heading text=&#8221;500\u20ac donated Actual cost = 170\u20ac&#8221; font_container=&#8221;tag:h4|font_size:30|text_align:center|color:%23ffffff|line_height:1&#8243; google_fonts=&#8221;font_family:Josefin%20Slab%3A100%2C100italic%2C300%2C300italic%2Cregular%2Citalic%2C600%2C600italic%2C700%2C700italic|font_style:700%20bold%20regular%3A700%3Anormal&#8221; css=&#8221;.vc_custom_1694183787588{margin-right: -150px !important;padding-top: 100px !important;padding-right: 100px !important;padding-bottom: 100px !important;padding-left: 100px !important;background-image: url(https:\/\/www.artdanslacite.eu\/wp-content\/uploads\/2023\/09\/Ellipse-15-24.png?id=32598) !important;background-position: center !important;background-repeat: no-repeat !important;background-size: contain !important;}&#8221;][\/vc_column_inner][vc_column_inner width=&#8221;1\/4&#8243;][vc_custom_heading text=&#8221;Income tax reduction equal to 66% of the amount of your donation!&#8221; font_container=&#8221;tag:h4|font_size:28|text_align:center|color:%23ffffff|line_height:1&#8243; google_fonts=&#8221;font_family:Josefin%20Slab%3A100%2C100italic%2C300%2C300italic%2Cregular%2Citalic%2C600%2C600italic%2C700%2C700italic|font_style:700%20bold%20regular%3A700%3Anormal&#8221; css=&#8221;.vc_custom_1694183682176{margin-left: -150px !important;padding-top: 90px !important;padding-right: 90px !important;padding-bottom: 80px !important;padding-left: 90px !important;background-image: url(https:\/\/www.artdanslacite.eu\/wp-content\/uploads\/2023\/09\/Ellipse-15-24.png?id=32598) !important;background-position: center !important;background-repeat: no-repeat !important;background-size: contain !important;}&#8221;][vc_custom_heading text=&#8221;100\u20ac donated Actual cost =34\u20ac&#8221; font_container=&#8221;tag:h4|font_size:30|text_align:center|color:%23ffffff|line_height:1&#8243; google_fonts=&#8221;font_family:Josefin%20Slab%3A100%2C100italic%2C300%2C300italic%2Cregular%2Citalic%2C600%2C600italic%2C700%2C700italic|font_style:700%20bold%20regular%3A700%3Anormal&#8221; css=&#8221;.vc_custom_1694183744435{margin-left: -150px !important;padding-top: 100px !important;padding-right: 90px !important;padding-bottom: 100px !important;padding-left: 90px !important;background-image: url(https:\/\/www.artdanslacite.eu\/wp-content\/uploads\/2023\/09\/Ellipse-18-1.png?id=32805) !important;background-position: center !important;background-repeat: no-repeat !important;background-size: contain !important;}&#8221;][\/vc_column_inner][\/vc_row_inner][\/vc_column][\/vc_row][vc_row full_width=&#8221;stretch_row&#8221; content_placement=&#8221;middle&#8221; css=&#8221;.vc_custom_1695135982552{background-image: url(https:\/\/www.artdanslacite.eu\/wp-content\/uploads\/2023\/09\/faites-un-don-en-ligne.jpg?id=33181) !important;background-position: center !important;background-repeat: no-repeat !important;background-size: cover !important;}&#8221;][vc_column width=&#8221;2\/3&#8243;][vc_custom_heading text=&#8221;Donate online&#8221; font_container=&#8221;tag:h2|font_size:54|text_align:left|color:%23ffffff|line_height:1&#8243; google_fonts=&#8221;font_family:Josefin%20Slab%3A100%2C100italic%2C300%2C300italic%2Cregular%2Citalic%2C600%2C600italic%2C700%2C700italic|font_style:700%20bold%20regular%3A700%3Anormal&#8221;][vc_single_image image=&#8221;32417&#8243; img_size=&#8221;medium&#8221; css=&#8221;.vc_custom_1695647105946{margin-top: 20px !important;}&#8221;][vc_custom_heading text=&#8221;Support&#8221; font_container=&#8221;tag:h2|font_size:42|text_align:right|color:%23ffffff&#8221; google_fonts=&#8221;font_family:Josefin%20Slab%3A100%2C100italic%2C300%2C300italic%2Cregular%2Citalic%2C600%2C600italic%2C700%2C700italic|font_style:600%20bold%20regular%3A600%3Anormal&#8221;][vc_custom_heading text=&#8221;Art dans la cit\u00e9&#8221; font_container=&#8221;tag:h2|font_size:42|text_align:right|color:%23ffffff&#8221; google_fonts=&#8221;font_family:Josefin%20Slab%3A100%2C100italic%2C300%2C300italic%2Cregular%2Citalic%2C600%2C600italic%2C700%2C700italic|font_style:600%20bold%20regular%3A600%3Anormal&#8221; css=&#8221;.vc_custom_1695647147811{margin-top: 50px !important;}&#8221;][\/vc_column][vc_column width=&#8221;1\/3&#8243;][vc_btn title=&#8221;Donate&#8221; style=&#8221;custom&#8221; custom_background=&#8221;#ffffff&#8221; custom_text=&#8221;#ce1f6f&#8221; shape=&#8221;round&#8221; size=&#8221;lg&#8221; align=&#8221;center&#8221; button_block=&#8221;true&#8221; css=&#8221;.vc_custom_1695204102701{padding-right: 80px !important;padding-left: 80px !important;}&#8221; link=&#8221;url:https%3A%2F%2Fwww.helloasso.com%2Fassociations%2Fart-dans-la-cite%2Fformulaires%2F1%2Fen|target:_blank|&#8221;][\/vc_column][\/vc_row][vc_row equal_height=&#8221;yes&#8221; content_placement=&#8221;top&#8221; css=&#8221;.vc_custom_1694423720714{margin-top: 50px !important;background-position: 0 0 !important;background-repeat: no-repeat !important;}&#8221;][vc_column width=&#8221;1\/4&#8243;][vc_single_image image=&#8221;33185&#8243; img_size=&#8221;&#8221;][vc_column_text css=&#8221;.vc_custom_1694423138147{padding-right: 20px !important;padding-left: 20px !important;}&#8221;]Since 1999, she has worked for the benefit of around a hundred hospitals around the world, affecting thousands of patients and their families.[\/vc_column_text][\/vc_column][vc_column width=&#8221;1\/4&#8243;][vc_column_text css=&#8221;.vc_custom_1694423517768{margin-top: 10px !important;padding-right: 20px !important;padding-left: 20px !important;}&#8221;]Art dans la Cit\u00e9 introduces contemporary art into all spaces of the hospital to improve the stay and living environment of patients and staff, in an original and innovative approach.[\/vc_column_text][vc_single_image image=&#8221;33180&#8243; img_size=&#8221;&#8221;][\/vc_column][vc_column width=&#8221;1\/2&#8243; css=&#8221;.vc_custom_1694423072129{margin-left: 30px !important;}&#8221;][vc_custom_heading text=&#8221;Donate by mail&#8221; font_container=&#8221;tag:h3|font_size:42|text_align:left|color:%23666666|line_height:1.2&#8243; google_fonts=&#8221;font_family:Josefin%20Slab%3A100%2C100italic%2C300%2C300italic%2Cregular%2Citalic%2C600%2C600italic%2C700%2C700italic|font_style:700%20bold%20regular%3A700%3Anormal&#8221;][vc_btn title=&#8221;Download form&#8221; style=&#8221;custom&#8221; custom_background=&#8221;#ce1f6f&#8221; custom_text=&#8221;#ffffff&#8221; shape=&#8221;round&#8221; size=&#8221;lg&#8221; align=&#8221;left&#8221; css=&#8221;.vc_custom_1694446156640{margin-top: 50px !important;margin-bottom: 50px !important;}&#8221; link=&#8221;url:https%3A%2F%2Fwww.artdanslacite.eu%2Fwp-content%2Fuploads%2F2018%2F06%2FBulletin-de-don-FR.pdf|target:_blank|&#8221;][vc_column_text css=&#8221;.vc_custom_1694423087473{padding-right: 20px !important;}&#8221;]<\/p>\n<p id=\"tw-target-text\" class=\"tw-data-text tw-text-large tw-ta\" dir=\"ltr\" data-placeholder=\"Traduction\"><span class=\"Y2IQFc\" lang=\"en\">Send your check to the order of Art dans la Cit\u00e9 with your completed form to:<\/span><\/p>\n<p>[\/vc_column_text][vc_column_text]<\/p>\n<p style=\"text-align: left; color: #666666;\"><strong>Art dans la Cit\u00e9<\/strong><br \/>\n<strong>GH Piti\u00e9 Salp\u00eatri\u00e8re<\/strong><br \/>\n<strong>D\u00e9partement d\u2019Anesth\u00e9sie<\/strong><br \/>\n<strong>47-83 Boulevard de l\u2019h\u00f4pital<\/strong><br \/>\n<strong>Paris 75013<\/strong>[\/vc_column_text][\/vc_column][\/vc_row][vc_row][vc_column][\/vc_column][\/vc_row][vc_row][vc_column][vc_column_text]\u00a0[\/vc_column_text][\/vc_column][\/vc_row]<\/p>\n<\/section>","protected":false},"excerpt":{"rendered":"<p>[vc_row][vc_column][vc_row_inner content_placement=&#8221;middle&#8221; css=&#8221;.vc_custom_1694183996062{background-image: url(https:\/\/www.artdanslacite.eu\/wp-content\/uploads\/2023\/09\/illustrationtrameDemi.jpg?id=32813) !important;background-position: center !important;background-repeat: no-repeat !important;background-size: contain !important;}&#8221;][vc_column_inner width=&#8221;1\/2&#8243;][vc_custom_heading text=&#8221;Responsible investment, lasting impacts.&#8221; font_container=&#8221;tag:h2|font_size:48|text_align:left|color:%23ce1f6f|line_height:1.5&#8243; google_fonts=&#8221;font_family:Josefin%20Slab%3A100%2C100italic%2C300%2C300italic%2Cregular%2Citalic%2C600%2C600italic%2C700%2C700italic|font_style:700%20bold%20regular%3A700%3Anormal&#8221;][vc_single_image image=&#8221;32407&#8243; img_size=&#8221;&#8221;][vc_single_image image=&#8221;32810&#8243; css=&#8221;.vc_custom_1694183157357{margin-bottom: -50px !important;margin-left: 30px !important;}&#8221;][vc_column_text css=&#8221;.vc_custom_1694445904915{padding-right: 50px !important;padding-left: 50px !important;}&#8221;] We hope that the hospital of tomorrow will develop<span class=\"excerpt-hellip\"> [\u2026]<\/span><\/p>\n","protected":false},"author":10,"featured_media":0,"parent":0,"menu_order":0,"comment_status":"closed","ping_status":"closed","template":"","meta":{"footnotes":""},"class_list":["post-33444","page","type-page","status-publish","hentry"],"_links":{"self":[{"href":"https:\/\/www.artdanslacite.eu\/en\/wp-json\/wp\/v2\/pages\/33444","targetHints":{"allow":["GET"]}}],"collection":[{"href":"https:\/\/www.artdanslacite.eu\/en\/wp-json\/wp\/v2\/pages"}],"about":[{"href":"https:\/\/www.artdanslacite.eu\/en\/wp-json\/wp\/v2\/types\/page"}],"author":[{"embeddable":true,"href":"https:\/\/www.artdanslacite.eu\/en\/wp-json\/wp\/v2\/users\/10"}],"replies":[{"embeddable":true,"href":"https:\/\/www.artdanslacite.eu\/en\/wp-json\/wp\/v2\/comments?post=33444"}],"version-history":[{"count":3,"href":"https:\/\/www.artdanslacite.eu\/en\/wp-json\/wp\/v2\/pages\/33444\/revisions"}],"predecessor-version":[{"id":33660,"href":"https:\/\/www.artdanslacite.eu\/en\/wp-json\/wp\/v2\/pages\/33444\/revisions\/33660"}],"wp:attachment":[{"href":"https:\/\/www.artdanslacite.eu\/en\/wp-json\/wp\/v2\/media?parent=33444"}],"curies":[{"name":"wp","href":"https:\/\/api.w.org\/{rel}","templated":true}]}}