{"id":28575,"date":"2018-04-30T10:13:46","date_gmt":"2018-04-30T08:13:46","guid":{"rendered":"https:\/\/www.artdanslacite.eu\/contact\/"},"modified":"2018-06-13T08:17:20","modified_gmt":"2018-06-13T06:17:20","slug":"contact","status":"publish","type":"page","link":"https:\/\/www.artdanslacite.eu\/en\/contact\/","title":{"rendered":"Contact"},"content":{"rendered":"<section class=\"wpb-content-wrapper\"><p>[vc_row css=&#8221;.vc_custom_1520194582789{padding-top: 20px !important;}&#8221;][vc_column][vc_custom_heading text=&#8221;Contact&#8221; font_container=&#8221;tag:h1|text_align:left&#8221; use_theme_fonts=&#8221;yes&#8221;][vc_separator color=&#8221;juicy_pink&#8221; align=&#8221;align_left&#8221; border_width=&#8221;5&#8243; el_width=&#8221;10&#8243;][\/vc_column][\/vc_row][vc_row][vc_column width=&#8221;7\/12&#8243;]\n<div class=\"wpcf7 no-js\" id=\"wpcf7-f28620-o1\" lang=\"en-US\" dir=\"ltr\" data-wpcf7-id=\"28620\">\n<div class=\"screen-reader-response\"><p role=\"status\" aria-live=\"polite\" aria-atomic=\"true\"><\/p> <ul><\/ul><\/div>\n<form action=\"\/en\/wp-json\/wp\/v2\/pages\/28575#wpcf7-f28620-o1\" method=\"post\" class=\"wpcf7-form init\" aria-label=\"Contact form\" novalidate=\"novalidate\" data-status=\"init\">\n<fieldset class=\"hidden-fields-container\"><input type=\"hidden\" name=\"_wpcf7\" value=\"28620\" \/><input type=\"hidden\" name=\"_wpcf7_version\" value=\"6.1.4\" \/><input type=\"hidden\" name=\"_wpcf7_locale\" value=\"en_US\" \/><input type=\"hidden\" name=\"_wpcf7_unit_tag\" value=\"wpcf7-f28620-o1\" \/><input type=\"hidden\" name=\"_wpcf7_container_post\" value=\"0\" \/><input type=\"hidden\" name=\"_wpcf7_posted_data_hash\" value=\"\" \/><input type=\"hidden\" name=\"_wpcf7_recaptcha_response\" value=\"\" \/>\n<\/fieldset>\n<div class=\"column one-third\">\n\t<p><label>Name:<\/label><span class=\"wpcf7-form-control-wrap\" data-name=\"your-name\"><input size=\"40\" maxlength=\"400\" class=\"wpcf7-form-control wpcf7-text wpcf7-validates-as-required\" aria-required=\"true\" aria-invalid=\"false\" value=\"\" type=\"text\" name=\"your-name\" \/><\/span>\n\t<\/p>\n<\/div>\n<div class=\"column one-third\">\n\t<p><label>E-mail address:<\/label><span class=\"wpcf7-form-control-wrap\" data-name=\"your-email\"><input size=\"40\" maxlength=\"400\" class=\"wpcf7-form-control wpcf7-email wpcf7-validates-as-required wpcf7-text wpcf7-validates-as-email\" aria-required=\"true\" aria-invalid=\"false\" value=\"\" type=\"email\" name=\"your-email\" \/><\/span>\n\t<\/p>\n<\/div>\n<div class=\"column one-third\">\n\t<p><label>Subject:<\/label><span class=\"wpcf7-form-control-wrap\" data-name=\"your-subject\"><input size=\"40\" maxlength=\"400\" class=\"wpcf7-form-control wpcf7-text wpcf7-validates-as-required\" aria-required=\"true\" aria-invalid=\"false\" value=\"\" type=\"text\" name=\"your-subject\" \/><\/span>\n\t<\/p>\n<\/div>\n<div class=\"column one\">\n\t<p><label>Message:<\/label><span class=\"wpcf7-form-control-wrap\" data-name=\"your-message\"><textarea cols=\"40\" rows=\"10\" maxlength=\"2000\" class=\"wpcf7-form-control wpcf7-textarea\" aria-invalid=\"false\" name=\"your-message\"><\/textarea><\/span>\n\t<\/p>\n<\/div>\n<div class=\"column one\">\n\n<\/div>\n<div class=\"column one\">\n\t<p><input class=\"wpcf7-form-control wpcf7-submit has-spinner\" type=\"submit\" value=\"Send message\" \/>\n\t<\/p>\n<\/div><p style=\"display: none !important;\" class=\"akismet-fields-container\" data-prefix=\"_wpcf7_ak_\"><label>&#916;<textarea name=\"_wpcf7_ak_hp_textarea\" cols=\"45\" rows=\"8\" maxlength=\"100\"><\/textarea><\/label><input type=\"hidden\" id=\"ak_js_1\" name=\"_wpcf7_ak_js\" value=\"214\"\/><script>document.getElementById( \"ak_js_1\" ).setAttribute( \"value\", ( new Date() ).getTime() );<\/script><\/p><div class=\"wpcf7-response-output\" aria-hidden=\"true\"><\/div>\n<\/form>\n<\/div>\n[vc_separator][\/vc_column][vc_column width=&#8221;5\/12&#8243;][vc_column_text]<\/p>\n<h4>Art dans la Cit\u00e9<\/h4>\n<p>GH Piti\u00e9 Salp\u00eatri\u00e8re<br \/>\nD\u00e9partement d&#8217;Anesth\u00e9sie<br \/>\n47 Boulevard de l&#8217;h\u00f4pital<br \/>\n75013 PARIS[\/vc_column_text][vc_column_text]<\/p>\n<h4>Your contacts<\/h4>\n<p>Rachel Even, Director, Artistic manager<\/p>\n<p>Olivier Galaverna, Scientific Advisor[\/vc_column_text][vc_separator][\/vc_column][\/vc_row][vc_row][vc_column][vc_column_text]<span style=\"margin: 0px; color: #333333; font-family: 'Georgia',serif;\">The information about you are intended for Art dans la Cit\u00e9. They will be used for strictly professional purposes. You have the right to access, modify, rectify and delete data concerning you (article 34 of the &#8220;Informatique et Libert\u00e9s&#8221; law). <\/span><span lang=\"FR\" style=\"margin: 0px; color: #333333; font-family: 'Georgia',serif;\">To exercise this right, contact Art dans la Cit\u00e9, 47 Boulevard de l\u2019h\u00f4pital, \u00a075013 Paris.<\/span>[\/vc_column_text][\/vc_column][\/vc_row]<\/p>\n<\/section>","protected":false},"excerpt":{"rendered":"<p>[vc_row css=&#8221;.vc_custom_1520194582789{padding-top: 20px !important;}&#8221;][vc_column][vc_custom_heading text=&#8221;Contact&#8221; font_container=&#8221;tag:h1|text_align:left&#8221; use_theme_fonts=&#8221;yes&#8221;][vc_separator color=&#8221;juicy_pink&#8221; align=&#8221;align_left&#8221; border_width=&#8221;5&#8243; el_width=&#8221;10&#8243;][\/vc_column][\/vc_row][vc_row][vc_column width=&#8221;7\/12&#8243;][vc_separator][\/vc_column][vc_column width=&#8221;5\/12&#8243;][vc_column_text] Art dans la Cit\u00e9 GH Piti\u00e9 Salp\u00eatri\u00e8re D\u00e9partement d&#8217;Anesth\u00e9sie 47 Boulevard de l&#8217;h\u00f4pital 75013 PARIS[\/vc_column_text][vc_column_text] Your contacts Rachel Even, Director, Artistic manager Olivier Galaverna, Scientific Advisor[\/vc_column_text][vc_separator][\/vc_column][\/vc_row][vc_row][vc_column][vc_column_text]The information<span class=\"excerpt-hellip\"> [\u2026]<\/span><\/p>\n","protected":false},"author":6,"featured_media":0,"parent":0,"menu_order":0,"comment_status":"closed","ping_status":"closed","template":"","meta":{"footnotes":""},"class_list":["post-28575","page","type-page","status-publish","hentry"],"_links":{"self":[{"href":"https:\/\/www.artdanslacite.eu\/en\/wp-json\/wp\/v2\/pages\/28575","targetHints":{"allow":["GET"]}}],"collection":[{"href":"https:\/\/www.artdanslacite.eu\/en\/wp-json\/wp\/v2\/pages"}],"about":[{"href":"https:\/\/www.artdanslacite.eu\/en\/wp-json\/wp\/v2\/types\/page"}],"author":[{"embeddable":true,"href":"https:\/\/www.artdanslacite.eu\/en\/wp-json\/wp\/v2\/users\/6"}],"replies":[{"embeddable":true,"href":"https:\/\/www.artdanslacite.eu\/en\/wp-json\/wp\/v2\/comments?post=28575"}],"version-history":[{"count":3,"href":"https:\/\/www.artdanslacite.eu\/en\/wp-json\/wp\/v2\/pages\/28575\/revisions"}],"predecessor-version":[{"id":30350,"href":"https:\/\/www.artdanslacite.eu\/en\/wp-json\/wp\/v2\/pages\/28575\/revisions\/30350"}],"wp:attachment":[{"href":"https:\/\/www.artdanslacite.eu\/en\/wp-json\/wp\/v2\/media?parent=28575"}],"curies":[{"name":"wp","href":"https:\/\/api.w.org\/{rel}","templated":true}]}}